{"id":6181,"date":"2016-02-23T12:38:59","date_gmt":"2016-02-23T12:38:59","guid":{"rendered":"https:\/\/puremoroccotours.com\/best-tours-in-morocco\/fez-dia-desde-casablanca\/"},"modified":"2023-09-23T09:44:16","modified_gmt":"2023-09-23T09:44:16","slug":"fez-dia-desde-casablanca","status":"publish","type":"product","link":"https:\/\/puremoroccotours.com\/es\/tours\/fez-dia-desde-casablanca\/","title":{"rendered":"Excursi\u00f3n de un d\u00eda a Fez desde Casablanca"},"content":{"rendered":"<p style=\"text-align: center;\"><a href=\"https:\/\/puremorocco.rezdy.com\/444944\/fez-private-day-trip-from-casablanca\" class=\"atbtn atbtn--default atbtn--large atbtn--rounded\">Reserve ahora<\/a><\/p>\n<h1>\u00a1\u00a1\u00a1Excursi\u00f3n de un d\u00eda a Fez desde Casablanca !!!<\/h1>\n<h2>La excursi\u00f3n de un d\u00eda a Fez desde Casablanca le llevar\u00e1 a explorar la capital espiritual del reino de Marruecos.<\/h2>\n<p style=\"text-align: justify;\">El objetivo principal de <strong>Fez Day Tour<\/strong> es la exploraci\u00f3n y el descubrimiento de <strong>la medina<\/strong> de Fez el-Bali (Fez la Vieja). Su recorrido le llevar\u00e1 a la visita de la <strong>Medrassa Bou Inania<\/strong>, <strong>Fuente Nejjarine<\/strong>; <strong>Plaza Attarine<\/strong>, <strong>Mezquita Karaouine<\/strong> (visita exterior). La exploraci\u00f3n comenzar\u00e1 en la <strong>puerta de Bab Boujlloud<\/strong>.<\/p>\n<p style=\"text-align: justify;\">Tendr\u00e1 la oportunidad de admirar el zoco de los fabricantes de instrumentos antes de llegar a la Mzara del antiguo soberano Moulay Idriss, situada en el lugar donde tom\u00f3 la decisi\u00f3n de construir la ciudad. A continuaci\u00f3n, llegar\u00e1 a la plaza En-Nejjarine y al zoco de los ebanistas. El magn\u00edfico Foundouk tallado de la plaza alberga el Museo de Artes y Oficios de la Madera. Junto a ella, podr\u00e1 admirar la atracci\u00f3n m\u00e1s visitada y venerada de Fez: La Zaou\u00efa de Moulay Idriss, Su paseo contin\u00faa hacia la plaza de Es-Seffarine, la plaza de los caldereros, y luego hacia el barrio de los curtidores situado justo antes del barrio andalus\u00ed con su mezquita y la Medersa de Es-Sahrij.<\/p>\n<p>Reservando <strong>una excursi\u00f3n de un d\u00eda<\/strong> a Fez, se adentrar\u00e1 en la historia de la ciudad imperial de Fez.<\/p>\n<table class=\"table table-bordered tours-tabs__table\">\n<tbody>\n<tr>\n<td style=\"text-align: justify;\"><strong>LUGAR DE SALIDA\/REGRESO<\/strong><\/td>\n<td style=\"text-align: justify;\">Desde\/hasta su hotel o puerto<\/td>\n<\/tr>\n<tr>\n<td><strong>HORA DE SALIDA<\/strong><\/td>\n<td>7 DE LA MA\u00d1ANA<\/td>\n<\/tr>\n<tr>\n<td><strong>TIEMPO DE RETORNO<\/strong><\/td>\n<td>19:00 (aprox.)<\/td>\n<\/tr>\n<tr>\n<td><strong>VISTE<\/strong><\/td>\n<td>Ropa gratis<\/td>\n<\/tr>\n<tr>\n<td><strong>INCLUIDO<\/strong><\/td>\n<td><div class=\"row 2\"><div class=\"col-md-6\"><i class=\"fa fa-check icon-tick icon-tick--on\"><\/i>Transporte AC<\/div><i class=\"fa fa-check icon-tick icon-tick--on\"><\/i>Gu\u00eda tur\u00edstico <div class=\"col-md-6\"><i class=\"fa fa-check icon-tick icon-tick--on\"><\/i>2<\/div><div class=\"col-md-6\">Tasas de los monumentos<\/div><\/div><\/td>\n<\/tr>\n<tr>\n<td><strong>NO INCLUIDO<\/strong><\/td>\n<td><div class=\"row 2\"><div class=\"col-md-6\"><i class=\"fa fa-times icon-tick icon-tick--off\"><\/i>Almuerzo<\/div><i class=\"fa fa-times icon-tick icon-tick--off\"><\/i>Gasto personal  <div class=\"col-md-6\"><i class=\"fa fa-times icon-tick icon-tick--off\"><\/i>Propinas<\/div><i class=\"fa fa-times icon-tick icon-tick--off\"><\/i>Servicios no especificados  <\/div><\/td>\n<\/tr>\n<\/tbody>\n<\/table>\n","protected":false},"excerpt":{"rendered":"<p>Excursi\u00f3n privada de un d\u00eda a Fez desde Casablanca.<\/p>\n","protected":false},"featured_media":4403,"template":"","meta":[],"product_brand":[],"product_cat":[2541],"product_tag":[2542,2543],"class_list":{"0":"post-6181","1":"product","2":"type-product","3":"status-publish","4":"has-post-thumbnail","6":"product_cat-excursiones-de-un-dia-es","7":"product_tag-visita-cultural","8":"product_tag-visitas-historicas-y-patrimoniales","9":"tour_category-excursiones-de-un-dia","10":"tour_category-fez-es","11":"tour_category-visita-privada","13":"first","14":"outofstock","15":"shipping-taxable","16":"product-type-tour"},"_links":{"self":[{"href":"https:\/\/puremoroccotours.com\/es\/wp-json\/wp\/v2\/product\/6181","targetHints":{"allow":["GET"]}}],"collection":[{"href":"https:\/\/puremoroccotours.com\/es\/wp-json\/wp\/v2\/product"}],"about":[{"href":"https:\/\/puremoroccotours.com\/es\/wp-json\/wp\/v2\/types\/product"}],"wp:featuredmedia":[{"embeddable":true,"href":"https:\/\/puremoroccotours.com\/es\/wp-json\/wp\/v2\/media\/4403"}],"wp:attachment":[{"href":"https:\/\/puremoroccotours.com\/es\/wp-json\/wp\/v2\/media?parent=6181"}],"wp:term":[{"taxonomy":"product_brand","embeddable":true,"href":"https:\/\/puremoroccotours.com\/es\/wp-json\/wp\/v2\/product_brand?post=6181"},{"taxonomy":"product_cat","embeddable":true,"href":"https:\/\/puremoroccotours.com\/es\/wp-json\/wp\/v2\/product_cat?post=6181"},{"taxonomy":"product_tag","embeddable":true,"href":"https:\/\/puremoroccotours.com\/es\/wp-json\/wp\/v2\/product_tag?post=6181"}],"curies":[{"name":"wp","href":"https:\/\/api.w.org\/{rel}","templated":true}]}}