{"id":6182,"date":"2016-12-26T09:37:33","date_gmt":"2016-12-26T09:37:33","guid":{"rendered":"https:\/\/puremoroccotours.com\/best-tours-in-morocco\/viaje-de-un-dia-a-rabat-y-casablanca\/"},"modified":"2023-09-12T15:15:26","modified_gmt":"2023-09-12T15:15:26","slug":"viaje-de-un-dia-a-rabat-y-casablanca","status":"publish","type":"product","link":"https:\/\/puremoroccotours.com\/es\/tours\/viaje-de-un-dia-a-rabat-y-casablanca\/","title":{"rendered":"\u00a1Excursi\u00f3n de un d\u00eda a Rabat y Casablanca desde Casablanca !"},"content":{"rendered":"<p style=\"text-align: center;\"><a href=\"https:\/\/puremorocco.rezdy.com\/443480\/rabat-casablanca-private-day-tour\" class=\"atbtn atbtn--default atbtn--large atbtn--rounded\">Reserve ahora<\/a><\/p>\n<h1 style=\"text-align: left;\">Excursi\u00f3n de un d\u00eda a Rabat y Casablanca<\/h1>\n<h2 style=\"text-align: justify;\">La <strong>excursi\u00f3n de un d\u00eda a Rabatt y Casablanca<\/strong> le llevar\u00e1 a explorar las capitales econ\u00f3micas y administrativas de Marruecos.<\/h2>\n<p>Su <strong>excursi\u00f3n de un d\u00eda a Rabat y Cassablanca <\/strong>comenzar\u00e1 con una visita a la ciudad de Rabat o a Cassablanca.<\/p>\n<p>La <strong>visita de la ciudad de Rabat <\/strong>le llevar\u00e1 a descubrir los principales lugares de la capital de Marruecos, como la Kasbah de Oudaias, la Torre Hassan y las ruinas de 200 columnas, la Necr\u00f3polis de Chellah, el Mausoleo de Mohamed V, la medina, \u00a1y mucho m\u00e1s!<\/p>\n<p><img decoding=\"async\" id=\"img341\" class=\"aligncenter size-medium sq_image\" title=\"excursi\u00f3n de un d\u00eda a rabat y casablanca\" src=\"https:\/\/puremoroccotours.com\/wp-content\/uploads\/2016\/01\/HASSAN-TOWER.jpg?x26254\" alt=\"excursi\u00f3n de un d\u00eda a rabat y casablanca\" width=\"500\"\/><\/p>\n<p style=\"text-align: justify;\"><strong>Cassablanca City Tour<\/strong> le llevar\u00e1 a descubrir los principales lugares de Casablanca: el Palacio Real, el Mercado Central, el barrio de Habous, la cornisa de Ain Diab, la Mezquita de Hassan II (visita exterior), \u00a1y mucho m\u00e1s!<\/p>\n<p style=\"text-align: justify;\"><img decoding=\"async\" id=\"img874\" class=\"aligncenter size-medium sq_image\" title=\"excursi\u00f3n de un d\u00eda a rabat y casablanca\" src=\"https:\/\/puremoroccotours.com\/wp-content\/uploads\/2017\/05\/Mosquee-Hassan-II-copie-531x354.jpg?x26254\" alt=\"excursi\u00f3n de un d\u00eda a rabat y casablanca\" width=\"500\"\/><\/p>\n<p style=\"text-align: justify;\">Reserve en l\u00ednea la <strong>excursi\u00f3n de un d\u00eda a Rabat y Casablanca <\/strong>para combinar el patrimonio de Rabat y la modernidad de Casablanca, o p\u00f3ngase en contacto con nosotros para confeccionar su viaje a medida.<\/p>\n<p>&nbsp;<\/p>\n<table class=\"table table-bordered tours-tabs__table\">\n<tbody>\n<tr>\n<td><strong>LUGAR DE SALIDA\/REGRESO<\/strong><\/td>\n<td>Desde\/hasta su hotel<\/td>\n<\/tr>\n<tr>\n<td><strong>HORA DE SALIDA<\/strong><\/td>\n<td>8 DE LA MA\u00d1ANA<\/td>\n<\/tr>\n<tr>\n<td><strong>TIEMPO DE RETORNO<\/strong><\/td>\n<td>17:00 (aprox.)<\/td>\n<\/tr>\n<tr>\n<td><strong>VISTE<\/strong><\/td>\n<td>Ropa gratis<\/td>\n<\/tr>\n<tr>\n<td><strong>INCLUIDO<\/strong><\/td>\n<td><div class=\"row 2\"><div class=\"col-md-6\"><i class=\"fa fa-check icon-tick icon-tick--on\"><\/i>Transporte AC<\/div><i class=\"fa fa-check icon-tick icon-tick--on\"><\/i>Gu\u00eda tur\u00edstico <div class=\"col-md-6\"><i class=\"fa fa-check icon-tick icon-tick--on\"><\/i>Tasas de los monumentos<\/div><\/div><\/td>\n<\/tr>\n<tr>\n<td><strong>NO INCLUIDO<\/strong><\/td>\n<td><div class=\"row 2\"><div class=\"col-md-6\"><i class=\"fa fa-times icon-tick icon-tick--off\"><\/i>Almuerzo<\/div><i class=\"fa fa-times icon-tick icon-tick--off\"><\/i>Gasto personal  <div class=\"col-md-6\"><i class=\"fa fa-times icon-tick icon-tick--off\"><\/i>Propinas<\/div><i class=\"fa fa-times icon-tick icon-tick--off\"><\/i>Servicios no especificados  <\/div><\/td>\n<\/tr>\n<\/tbody>\n<\/table>\n","protected":false},"excerpt":{"rendered":"<p>Combo Privado Rabat y Casablanca excursi\u00f3n de un d\u00eda para descubrir Rabat y Casablanca.<\/p>\n","protected":false},"featured_media":5910,"template":"","meta":[],"product_brand":[],"product_cat":[2541],"product_tag":[2543],"class_list":{"0":"post-6182","1":"product","2":"type-product","3":"status-publish","4":"has-post-thumbnail","6":"product_cat-excursiones-de-un-dia-es","7":"product_tag-visitas-historicas-y-patrimoniales","8":"tour_category-casablanca-es","9":"tour_category-excursiones-de-un-dia","10":"tour_category-rabat-es","12":"first","13":"instock","14":"shipping-taxable","15":"purchasable","16":"product-type-tour","17":"has-default-attributes"},"_links":{"self":[{"href":"https:\/\/puremoroccotours.com\/es\/wp-json\/wp\/v2\/product\/6182","targetHints":{"allow":["GET"]}}],"collection":[{"href":"https:\/\/puremoroccotours.com\/es\/wp-json\/wp\/v2\/product"}],"about":[{"href":"https:\/\/puremoroccotours.com\/es\/wp-json\/wp\/v2\/types\/product"}],"wp:featuredmedia":[{"embeddable":true,"href":"https:\/\/puremoroccotours.com\/es\/wp-json\/wp\/v2\/media\/5910"}],"wp:attachment":[{"href":"https:\/\/puremoroccotours.com\/es\/wp-json\/wp\/v2\/media?parent=6182"}],"wp:term":[{"taxonomy":"product_brand","embeddable":true,"href":"https:\/\/puremoroccotours.com\/es\/wp-json\/wp\/v2\/product_brand?post=6182"},{"taxonomy":"product_cat","embeddable":true,"href":"https:\/\/puremoroccotours.com\/es\/wp-json\/wp\/v2\/product_cat?post=6182"},{"taxonomy":"product_tag","embeddable":true,"href":"https:\/\/puremoroccotours.com\/es\/wp-json\/wp\/v2\/product_tag?post=6182"}],"curies":[{"name":"wp","href":"https:\/\/api.w.org\/{rel}","templated":true}]}}