{"id":6184,"date":"2016-02-23T11:20:17","date_gmt":"2016-02-23T11:20:17","guid":{"rendered":"https:\/\/puremoroccotours.com\/best-tours-in-morocco\/el-jadida-excursion-de-un-dia\/"},"modified":"2023-09-27T11:18:48","modified_gmt":"2023-09-27T11:18:48","slug":"el-jadida-excursion-de-un-dia","status":"publish","type":"product","link":"https:\/\/puremoroccotours.com\/es\/tours\/el-jadida-excursion-de-un-dia\/","title":{"rendered":"\u00a1Excursi\u00f3n de un d\u00eda a El Jadida desde Casablanca !"},"content":{"rendered":"<pre style=\"text-align: center;\"><button class=\"atbtn atbtn--secondary3 atbtn--medium atbtn--rounded\">Reserve ahora<\/button><\/pre>\n<h1>Excursi\u00f3n de un d\u00eda a El Jadida desde Casablanca<\/h1>\n<h2 style=\"text-align: justify;\">EL Jadida, anteriormente conocida como Mazagan, esta ciudad costera fue tomada en 1502 por el ej\u00e9rcito portugu\u00e9s y estuvo bajo su control hasta finales de 1769, fecha en la que los portugueses abandonaron su \u00faltimo territorio en Marruecos.<\/h2>\n<p>La <strong>excursi\u00f3n de un d\u00eda a El Jadida<\/strong> le brindar\u00e1 la oportunidad de disfrutar de la visita de la ciudad costera, y admirar la arquitectura de la ciudadela y las murallas, &#8220;la Porte de la Mer&#8221;, o la puerta del mar donde los barcos descargaban su carga y de donde finalmente partieron los portugueses. La &#8220;Cit\u00e9 Portuguese&#8221; -la principal atracci\u00f3n tur\u00edstica de El Jadida- y la &#8220;Citerne Portuguese&#8221;.<\/p>\n<p>Reserve <strong>El Jadida Day Trip<\/strong> a trav\u00e9s del siguiente enlace <a href=\"https:\/\/puretours.checkfront.com\/reserve\/?item_id=18&amp;popup=1\">Reserve ahora<\/a><\/p>\n<table class=\"table table-bordered tours-tabs__table\">\n<tbody>\n<tr>\n<td><strong>LUGAR DE SALIDA\/REGRESO<\/strong><\/td>\n<td>De\/a su hotel en Casablanca<\/td>\n<\/tr>\n<tr>\n<td><strong>HORA DE SALIDA<\/strong><\/td>\n<td>8 DE LA MA\u00d1ANA<\/td>\n<\/tr>\n<tr>\n<td><strong>TIEMPO DE RETORNO<\/strong><\/td>\n<td>16:00 (aprox.)<\/td>\n<\/tr>\n<tr>\n<td><strong>V\u00cdSTETE<\/strong><\/td>\n<td>Ropa gratis<\/td>\n<\/tr>\n<tr>\n<td><strong>INCLUIDO<\/strong><\/td>\n<td><div class=\"row 2\"><div class=\"col-md-6\"><i class=\"fa fa-check icon-tick icon-tick--on\"><\/i>AC Transportation<\/div><i class=\"fa fa-check icon-tick icon-tick--on\"><\/i>Gu\u00eda tur\u00edstico<br \/>\n<div class=\"col-md-6\"><i class=\"fa fa-check icon-tick icon-tick--on\"><\/i>Tasas de los monumentos<\/div><\/div><\/td>\n<\/tr>\n<tr>\n<td><strong>NO INCLUIDO<\/strong><\/td>\n<td><div class=\"row 2\"><div class=\"col-md-6\"><i class=\"fa fa-times icon-tick icon-tick--off\"><\/i>Almuerzo<\/div><i class=\"fa fa-times icon-tick icon-tick--off\"><\/i>Gasto personal<br \/>\n<div class=\"col-md-6\"><i class=\"fa fa-times icon-tick icon-tick--off\"><\/i>Propinas<\/div><i class=\"fa fa-times icon-tick icon-tick--off\"><\/i>Servicios no especificados<br \/>\n<\/div><\/td>\n<\/tr>\n<\/tbody>\n<\/table>\n<p>&nbsp;<\/p>\n","protected":false},"excerpt":{"rendered":"<p>Excursi\u00f3n privada de un d\u00eda desde Casablanca para descubrir El Jadida.<\/p>\n","protected":false},"featured_media":4586,"template":"","meta":[],"product_brand":[],"product_cat":[2541],"product_tag":[2542,2583],"class_list":{"0":"post-6184","1":"product","2":"type-product","3":"status-publish","4":"has-post-thumbnail","6":"product_cat-excursiones-de-un-dia-es","7":"product_tag-visita-cultural","8":"product_tag-visitas-guiadas-por-el-patrimonio","9":"tour_category-el-jadida-es","10":"tour_category-excursiones-de-un-dia","11":"tour_category-visita-privada","13":"first","14":"outofstock","15":"shipping-taxable","16":"product-type-tour"},"_links":{"self":[{"href":"https:\/\/puremoroccotours.com\/es\/wp-json\/wp\/v2\/product\/6184","targetHints":{"allow":["GET"]}}],"collection":[{"href":"https:\/\/puremoroccotours.com\/es\/wp-json\/wp\/v2\/product"}],"about":[{"href":"https:\/\/puremoroccotours.com\/es\/wp-json\/wp\/v2\/types\/product"}],"wp:featuredmedia":[{"embeddable":true,"href":"https:\/\/puremoroccotours.com\/es\/wp-json\/wp\/v2\/media\/4586"}],"wp:attachment":[{"href":"https:\/\/puremoroccotours.com\/es\/wp-json\/wp\/v2\/media?parent=6184"}],"wp:term":[{"taxonomy":"product_brand","embeddable":true,"href":"https:\/\/puremoroccotours.com\/es\/wp-json\/wp\/v2\/product_brand?post=6184"},{"taxonomy":"product_cat","embeddable":true,"href":"https:\/\/puremoroccotours.com\/es\/wp-json\/wp\/v2\/product_cat?post=6184"},{"taxonomy":"product_tag","embeddable":true,"href":"https:\/\/puremoroccotours.com\/es\/wp-json\/wp\/v2\/product_tag?post=6184"}],"curies":[{"name":"wp","href":"https:\/\/api.w.org\/{rel}","templated":true}]}}