{"id":6185,"date":"2016-02-24T11:36:08","date_gmt":"2016-02-24T11:36:08","guid":{"rendered":"https:\/\/puremoroccotours.com\/best-tours-in-morocco\/viaje-de-un-dia-a-marrakech\/"},"modified":"2023-09-22T11:41:12","modified_gmt":"2023-09-22T11:41:12","slug":"viaje-de-un-dia-a-marrakech","status":"publish","type":"product","link":"https:\/\/puremoroccotours.com\/es\/tours\/viaje-de-un-dia-a-marrakech\/","title":{"rendered":"\u00a1Excursi\u00f3n de un d\u00eda a Marrakech desde Casablanca !"},"content":{"rendered":"<p style=\"text-align: center;\"><a href=\"https:\/\/puremorocco.rezdy.com\/448626\/marrakech-day-trip-from-casablanca\" class=\"atbtn atbtn--default atbtn--large atbtn--rounded\">Reserve ahora<\/a><\/p>\n<h1>Excursi\u00f3n de un d\u00eda a Marrakech desde Casablanca<\/h1>\n<h3 style=\"text-align: justify;\">Esta visita totalmente guiada comienza con el descubrimiento del barrio del siglo XX de Marrakech y, a continuaci\u00f3n, se adentrar\u00e1 en el casco antiguo, llamado &#8220;la M\u00e9dina&#8221;, dentro de las antiguas murallas construidas por el sult\u00e1n almor\u00e1vide Youssef Ibn Tachaffine.<\/h3>\n<p style=\"text-align: justify;\">Durante este  <strong>Excursi\u00f3n de un d\u00eda a Marrakech<\/strong>Tendr\u00e1 la oportunidad de visitar las principales atracciones tur\u00edsticas de Marrakech, como la  <strong>Koutoubia<\/strong>  minarete que se termin\u00f3 bajo el reinado del califa almohade Yacoub El Mansour en 1184, los Jardines del pintor franc\u00e9s;  <strong>Jacques Majorelle<\/strong>  son un lugar con colores, especialmente con el famoso &#8220;azul Majorelle&#8221; y la exuberante vegetaci\u00f3n. Otros lugares para visitar son los <strong>jardines de la Menara<\/strong> y las coloridas tiendas de los zocos.<\/p>\n<p style=\"text-align: justify;\">Experimentar\u00e1 el testimonio vivo de las dinast\u00edas de anta\u00f1o, con sus tesoros arquitect\u00f3nicos que encarnan todo el esplendor de Oriente. Marrakech es en la actualidad una mezcla de modernismo y autenticidad..,<\/p>\n<p style=\"text-align: justify;\">La <strong>excursi\u00f3n de un d\u00eda a Marrakech<\/strong> le llevar\u00e1 a visitar tambi\u00e9n el <strong>Palacio de la Bah\u00eda<\/strong>, una vista deslumbrante, que permite a los visitantes apreciar lo mejor del arte tradicional marroqu\u00ed. Inmenso laberinto de salas y patios, el Palacio Bah\u00eda data del siglo XIX. Este Palacio de la Belleza lleva el nombre del favorito del visir Ba Hmed, que fue el verdadero amo de Marruecos, de 1894 a 1900. Esta inmensa residencia alberg\u00f3 al General residente bajo el Protectorado franc\u00e9s.<\/p>\n<p style=\"text-align: justify;\">Tambi\u00e9n puede Los jardines del pintor franc\u00e9s <strong>Jacques Majorelle<\/strong> rebosan de colores, sobre todo con el famoso &#8220;azul Majorelle&#8221; y la lujosa vegetaci\u00f3n.<\/p>\n<p>Reserve su <strong>excursi\u00f3n de un d\u00eda a Marrakech<\/strong> desde Casablanca, para explorar la magia de la ciudad ocre.<\/p>\n<p>Tambi\u00e9n puede completar su visita con lugares opcionales como las <strong>tumbas<\/strong> saad\u00edes; un cementerio ajardinado que alberga las tumbas de m\u00e1rmol de los reyes saad\u00edes y sus familias; estas tumbas demuestran el poder y la sofisticaci\u00f3n de la dinast\u00eda saad\u00ed. Museo Dar Si Said, y muchos otros&#8230;<\/p>\n<p>&nbsp;<\/p>\n<table class=\"table table-bordered tours-tabs__table\">\n<tbody>\n<tr>\n<td style=\"text-align: justify;\"><strong>LUGAR DE SALIDA\/REGRESO<\/strong><\/td>\n<td style=\"text-align: justify;\">De\/a su hotel en Casablanca<\/td>\n<\/tr>\n<tr>\n<td><strong>HORA DE SALIDA<\/strong><\/td>\n<td>7 DE LA MA\u00d1ANA<\/td>\n<\/tr>\n<tr>\n<td><strong>TIEMPO DE RETORNO<\/strong><\/td>\n<td>19:00 (aprox.)<\/td>\n<\/tr>\n<tr>\n<td><strong>VISTE<\/strong><\/td>\n<td>Ropa gratis<\/td>\n<\/tr>\n<tr>\n<td><strong>INCLUIDO<\/strong><\/td>\n<td><div class=\"row 2\"><div class=\"col-md-6\"><i class=\"fa fa-check icon-tick icon-tick--on\"><\/i>Transporte en CA<\/div><i class=\"fa fa-check icon-tick icon-tick--on\"><\/i>Gu\u00eda tur\u00edstico <div class=\"col-md-6\"><i class=\"fa fa-check icon-tick icon-tick--on\"><\/i>Tasas de los monumentos seg\u00fan el itinerario<\/div><\/div><\/td>\n<\/tr>\n<tr>\n<td><strong>NO INCLUIDO<\/strong><\/td>\n<td><div class=\"row 2\"><div class=\"col-md-6\"><i class=\"fa fa-times icon-tick icon-tick--off\"><\/i>Almuerzo<\/div><i class=\"fa fa-times icon-tick icon-tick--off\"><\/i>Gasto personal  <div class=\"col-md-6\"><i class=\"fa fa-times icon-tick icon-tick--off\"><\/i>Propinas<\/div><i class=\"fa fa-times icon-tick icon-tick--off\"><\/i>Servicios no especificados  <\/div><\/td>\n<\/tr>\n<\/tbody>\n<\/table>\n<p>&nbsp;<\/p>\n","protected":false},"excerpt":{"rendered":"<p>Excursi\u00f3n privada de un d\u00eda a Marrakech desde Casablanca para descubrir la ciudad ocre.<\/p>\n","protected":false},"featured_media":4263,"template":"","meta":[],"product_brand":[],"product_cat":[2541],"product_tag":[2542,2543],"class_list":{"0":"post-6185","1":"product","2":"type-product","3":"status-publish","4":"has-post-thumbnail","6":"product_cat-excursiones-de-un-dia-es","7":"product_tag-visita-cultural","8":"product_tag-visitas-historicas-y-patrimoniales","9":"tour_category-excursiones-de-un-dia","10":"tour_category-marrakech-es","11":"tour_category-visita-privada","13":"first","14":"outofstock","15":"shipping-taxable","16":"product-type-tour"},"_links":{"self":[{"href":"https:\/\/puremoroccotours.com\/es\/wp-json\/wp\/v2\/product\/6185","targetHints":{"allow":["GET"]}}],"collection":[{"href":"https:\/\/puremoroccotours.com\/es\/wp-json\/wp\/v2\/product"}],"about":[{"href":"https:\/\/puremoroccotours.com\/es\/wp-json\/wp\/v2\/types\/product"}],"wp:featuredmedia":[{"embeddable":true,"href":"https:\/\/puremoroccotours.com\/es\/wp-json\/wp\/v2\/media\/4263"}],"wp:attachment":[{"href":"https:\/\/puremoroccotours.com\/es\/wp-json\/wp\/v2\/media?parent=6185"}],"wp:term":[{"taxonomy":"product_brand","embeddable":true,"href":"https:\/\/puremoroccotours.com\/es\/wp-json\/wp\/v2\/product_brand?post=6185"},{"taxonomy":"product_cat","embeddable":true,"href":"https:\/\/puremoroccotours.com\/es\/wp-json\/wp\/v2\/product_cat?post=6185"},{"taxonomy":"product_tag","embeddable":true,"href":"https:\/\/puremoroccotours.com\/es\/wp-json\/wp\/v2\/product_tag?post=6185"}],"curies":[{"name":"wp","href":"https:\/\/api.w.org\/{rel}","templated":true}]}}