{"id":6186,"date":"2016-02-20T11:17:51","date_gmt":"2016-02-20T11:17:51","guid":{"rendered":"https:\/\/puremoroccotours.com\/best-tours-in-morocco\/marrakech-dia-desde-rabat\/"},"modified":"2023-09-27T09:23:25","modified_gmt":"2023-09-27T09:23:25","slug":"marrakech-dia-desde-rabat","status":"publish","type":"product","link":"https:\/\/puremoroccotours.com\/es\/tours\/marrakech-dia-desde-rabat\/","title":{"rendered":"\u00a1Excursi\u00f3n de un d\u00eda a Marrakech desde Rabat !"},"content":{"rendered":"<p style=\"text-align: center;\"><a href=\"https:\/\/puremorocco.rezdy.com\/448630\/marrakech-private-day-trip-from-rabat\" class=\"atbtn atbtn--default atbtn--large atbtn--rounded\">Reserve ahora<\/a><\/p>\n<h1>Excursi\u00f3n de un d\u00eda a Marrakech<\/h1>\n<h3 style=\"text-align: justify;\">Si visita Marruecos por 1\u00aa vez, deber\u00eda plantearse visitar Marrakech, testimonio vivo de las dinast\u00edas de anta\u00f1o, con sus tesoros arquitect\u00f3nicos que encarnan todo el esplendor de Oriente. Marrakech es actualmente una mezcla de modernismo y autenticidad.<\/h3>\n<p style=\"text-align: justify;\">La <strong>excursi\u00f3n de un d\u00eda a Marrakech desde Rabat<\/strong> le permitir\u00e1 visitar lo m\u00e1s destacado de la ciudad de las palmeras, visitando, entre otras cosas, la famosa plaza Jamaa El Fna, la Mezquita Koutoubia, el Palacio Bah\u00eda, la Menara y los zocos&#8230;<\/p>\n<table class=\"table table-bordered tours-tabs__table\">\n<tbody>\n<tr>\n<td><strong>LUGAR DE SALIDA\/REGRESO<\/strong><\/td>\n<td>De\/a su hotel en Rabat<\/td>\n<\/tr>\n<tr>\n<td><strong>HORA DE SALIDA<\/strong><\/td>\n<td>7 DE LA MA\u00d1ANA<\/td>\n<\/tr>\n<tr>\n<td><strong>TIEMPO DE RETORNO<\/strong><\/td>\n<td>19:00 (aprox.)<\/td>\n<\/tr>\n<tr>\n<td><strong>VISTE<\/strong><\/td>\n<td>Ropa gratis<\/td>\n<\/tr>\n<tr>\n<td><strong>INCLUIDO<\/strong><\/td>\n<td><div class=\"row 2\"><div class=\"col-md-6\"><i class=\"fa fa-check icon-tick icon-tick--on\"><\/i>AC Transportation<\/div><i class=\"fa fa-check icon-tick icon-tick--on\"><\/i>Gu\u00eda tur\u00edstico<br \/>\n<div class=\"col-md-6\"><i class=\"fa fa-check icon-tick icon-tick--on\"><\/i>Tasas de los monumentos<\/div><\/div><\/td>\n<\/tr>\n<tr>\n<td><strong>NO INCLUIDO<\/strong><\/td>\n<td><div class=\"row 2\"><div class=\"col-md-6\"><i class=\"fa fa-times icon-tick icon-tick--off\"><\/i>Almuerzo<\/div><i class=\"fa fa-times icon-tick icon-tick--off\"><\/i>Gasto personal<br \/>\n<div class=\"col-md-6\"><i class=\"fa fa-times icon-tick icon-tick--off\"><\/i>Propinas<\/div><i class=\"fa fa-times icon-tick icon-tick--off\"><\/i>Servicios no especificados<br \/>\n<\/div><\/td>\n<\/tr>\n<\/tbody>\n<\/table>\n","protected":false},"excerpt":{"rendered":"<p>Excursi\u00f3n privada de un d\u00eda a Marrakech desde Rabat.<\/p>\n","protected":false},"featured_media":4566,"template":"","meta":[],"product_brand":[],"product_cat":[2541],"product_tag":[2542,2543],"class_list":{"0":"post-6186","1":"product","2":"type-product","3":"status-publish","4":"has-post-thumbnail","6":"product_cat-excursiones-de-un-dia-es","7":"product_tag-visita-cultural","8":"product_tag-visitas-historicas-y-patrimoniales","9":"tour_category-excursiones-de-un-dia","10":"tour_category-marrakech-es","11":"tour_category-visita-privada","13":"first","14":"instock","15":"shipping-taxable","16":"purchasable","17":"product-type-tour"},"_links":{"self":[{"href":"https:\/\/puremoroccotours.com\/es\/wp-json\/wp\/v2\/product\/6186","targetHints":{"allow":["GET"]}}],"collection":[{"href":"https:\/\/puremoroccotours.com\/es\/wp-json\/wp\/v2\/product"}],"about":[{"href":"https:\/\/puremoroccotours.com\/es\/wp-json\/wp\/v2\/types\/product"}],"wp:featuredmedia":[{"embeddable":true,"href":"https:\/\/puremoroccotours.com\/es\/wp-json\/wp\/v2\/media\/4566"}],"wp:attachment":[{"href":"https:\/\/puremoroccotours.com\/es\/wp-json\/wp\/v2\/media?parent=6186"}],"wp:term":[{"taxonomy":"product_brand","embeddable":true,"href":"https:\/\/puremoroccotours.com\/es\/wp-json\/wp\/v2\/product_brand?post=6186"},{"taxonomy":"product_cat","embeddable":true,"href":"https:\/\/puremoroccotours.com\/es\/wp-json\/wp\/v2\/product_cat?post=6186"},{"taxonomy":"product_tag","embeddable":true,"href":"https:\/\/puremoroccotours.com\/es\/wp-json\/wp\/v2\/product_tag?post=6186"}],"curies":[{"name":"wp","href":"https:\/\/api.w.org\/{rel}","templated":true}]}}