{"id":6187,"date":"2016-02-22T13:24:17","date_gmt":"2016-02-22T13:24:17","guid":{"rendered":"https:\/\/puremoroccotours.com\/best-tours-in-morocco\/tanger-dia-viaje-desde-rabat\/"},"modified":"2023-09-23T09:44:22","modified_gmt":"2023-09-23T09:44:22","slug":"tanger-dia-viaje-desde-rabat","status":"publish","type":"product","link":"https:\/\/puremoroccotours.com\/es\/tours\/tanger-dia-viaje-desde-rabat\/","title":{"rendered":"\u00a1Excursi\u00f3n de un d\u00eda completo a T\u00e1nger desde Rabat !"},"content":{"rendered":"<p style=\"text-align: center;\">\n<h1 style=\"text-align: center;\">Excursi\u00f3n de un d\u00eda a T\u00e1nger desde Rabat<\/h1>\n<h2 style=\"text-align: justify;\">Apodada la ciudad de los extra\u00f1os por la presencia de varias civilizaciones, T\u00e1nger es la principal ciudad del norte de Marruecos.<\/h2>\n<\/p><p style=\"text-align: justify;\">Una vez en Rabat, su <strong>excursi\u00f3n de un d\u00eda a T\u00e1nger desde Rabat<\/strong> comenzar\u00e1 con una panor\u00e1mica de la ciudad. A continuaci\u00f3n, una<sup>primera<\/sup> parada ser\u00e1 para ver el Gran Succo, popular plaza nocturna cercana a la mezquita de Sidi Bou Abib y nexo de uni\u00f3n entre la Ville Nouvelle y la medina. Visite la medina, con sus caf\u00e9s y bazares, una iglesia espa\u00f1ola, joyer\u00edas y un centro de arte con obras que muestran la historia social de T\u00e1nger. Pasee por el Petit Socco, que anta\u00f1o fue el coraz\u00f3n de la medina. Contin\u00fae para visitar la Gran Mezquita, construida en el emplazamiento de una catedral portuguesa. El recorrido tambi\u00e9n le llevar\u00e1 a visitar la Kasbah, decorada con mosaicos, estuco ornamental y tallas de madera. Junto a ella pasear\u00e1 por las murallas, explorar\u00e1 el Museo de Carmen-Macein que exhibe una colecci\u00f3n de obras de Picasso, Max Ernst y Georges Braque.<\/p>\n<p><img decoding=\"async\" id=\"img351\" class=\"aligncenter size-medium sq_image\" title=\"excursi\u00f3n a tanger desde rabat\" src=\"https:\/\/puremoroccotours.com\/wp-content\/uploads\/2017\/06\/15-11-Bab-El-Bahr-TNG-BIS-e1499462890675.jpg\" alt=\"excursi\u00f3n a tanger desde rabat\" width=\"500\"\/><\/p>\n<p style=\"text-align: justify;\">T\u00e1nger, la novia del norte de Marruecos, la mezcla de culturas rife\u00f1o-bereber, \u00e1rabe y europea, hacen de la ciudad una cultura \u00fanica y diversa llena de influencias del pasado. Fundada por los cartagineses y colonizada por romanos, \u00e1rabes, portugueses, espa\u00f1oles y franceses. Tambi\u00e9n es el punto de encuentro entre las costas mediterr\u00e1nea y atl\u00e1ntica, con dos cabos, el de Espartel y el de Malabata.<\/p>\n<p>Reserve su <strong>excursi\u00f3n de un d\u00eda a T\u00e1nger desde Rabat<\/strong> o solicite ayuda a nuestro asesor tur\u00edstico para encontrar y personalizar su pr\u00f3ximo viaje a Marruecos.<\/p>\n<p>Consulte tambi\u00e9n nuestras otras excursiones desde Rabat:<\/p>\n<ul>\n<li><a href=\"https:\/\/puremoroccotours.com\/tours\/chefchaouen-day-trip-from-rabat\/\">Excursi\u00f3n de un d\u00eda a Chefchaouen desde Rabat  <\/a><\/li>\n<\/ul>\n<table class=\"table table-bordered tours-tabs__table\">\n<tbody>\n<tr>\n<td><strong>LUGAR DE SALIDA\/REGRESO<\/strong><\/td>\n<td>De\/a su hotel en Rabat<\/td>\n<\/tr>\n<tr>\n<td><strong>HORA DE SALIDA<\/strong><\/td>\n<td>7 DE LA MA\u00d1ANA<\/td>\n<\/tr>\n<tr>\n<td><strong>TIEMPO DE RETORNO<\/strong><\/td>\n<td>19:00 (aprox.)<\/td>\n<\/tr>\n<tr>\n<td><strong>VISTE<\/strong><\/td>\n<td>Ropa gratis<\/td>\n<\/tr>\n<tr>\n<td><strong>INCLUIDO<\/strong><\/td>\n<td><div class=\"row 2\"><div class=\"col-md-6\"><i class=\"fa fa-check icon-tick icon-tick--on\"><\/i>AC Transporte<\/div><i class=\"fa fa-check icon-tick icon-tick--on\"><\/i>Gu\u00eda tur\u00edstico<br \/>\n<div class=\"col-md-6\"><i class=\"fa fa-check icon-tick icon-tick--on\"><\/i>Tasas de los monumentos<\/div><\/div><\/td>\n<\/tr>\n<tr>\n<td><strong>NO INCLUIDO<\/strong><\/td>\n<td><div class=\"row 2\"><div class=\"col-md-6\"><i class=\"fa fa-times icon-tick icon-tick--off\"><\/i>Almuerzo<\/div><i class=\"fa fa-times icon-tick icon-tick--off\"><\/i>Gasto personal<br \/>\n<div class=\"col-md-6\"><i class=\"fa fa-times icon-tick icon-tick--off\"><\/i>Propinas<\/div><i class=\"fa fa-times icon-tick icon-tick--off\"><\/i>Servicios no especificados<br \/>\n<\/div><\/td>\n<\/tr>\n<\/tbody>\n<\/table>\n<p>&nbsp;<\/p>\n","protected":false},"excerpt":{"rendered":"<p>Excursi\u00f3n privada de un d\u00eda desde Rabat para descubrir T\u00e1nger.<\/p>\n","protected":false},"featured_media":4578,"template":"","meta":[],"product_brand":[],"product_cat":[2541],"product_tag":[2542,2543],"class_list":{"0":"post-6187","1":"product","2":"type-product","3":"status-publish","4":"has-post-thumbnail","6":"product_cat-excursiones-de-un-dia-es","7":"product_tag-visita-cultural","8":"product_tag-visitas-historicas-y-patrimoniales","9":"tour_category-excursiones-de-un-dia","10":"tour_category-tanger","12":"first","13":"outofstock","14":"shipping-taxable","15":"product-type-tour"},"_links":{"self":[{"href":"https:\/\/puremoroccotours.com\/es\/wp-json\/wp\/v2\/product\/6187","targetHints":{"allow":["GET"]}}],"collection":[{"href":"https:\/\/puremoroccotours.com\/es\/wp-json\/wp\/v2\/product"}],"about":[{"href":"https:\/\/puremoroccotours.com\/es\/wp-json\/wp\/v2\/types\/product"}],"wp:featuredmedia":[{"embeddable":true,"href":"https:\/\/puremoroccotours.com\/es\/wp-json\/wp\/v2\/media\/4578"}],"wp:attachment":[{"href":"https:\/\/puremoroccotours.com\/es\/wp-json\/wp\/v2\/media?parent=6187"}],"wp:term":[{"taxonomy":"product_brand","embeddable":true,"href":"https:\/\/puremoroccotours.com\/es\/wp-json\/wp\/v2\/product_brand?post=6187"},{"taxonomy":"product_cat","embeddable":true,"href":"https:\/\/puremoroccotours.com\/es\/wp-json\/wp\/v2\/product_cat?post=6187"},{"taxonomy":"product_tag","embeddable":true,"href":"https:\/\/puremoroccotours.com\/es\/wp-json\/wp\/v2\/product_tag?post=6187"}],"curies":[{"name":"wp","href":"https:\/\/api.w.org\/{rel}","templated":true}]}}