{"id":6189,"date":"2016-02-19T10:53:35","date_gmt":"2016-02-19T10:53:35","guid":{"rendered":"https:\/\/puremoroccotours.com\/best-tours-in-morocco\/marrakech-jardines-carruaje-tirado-por-caballos\/"},"modified":"2023-09-13T21:23:46","modified_gmt":"2023-09-13T21:23:46","slug":"marrakech-jardines-carruaje-tirado-por-caballos","status":"publish","type":"product","link":"https:\/\/puremoroccotours.com\/es\/tours\/marrakech-jardines-carruaje-tirado-por-caballos\/","title":{"rendered":"Visita a los jardines de Marrakech en coche de caballos"},"content":{"rendered":"<p style=\"text-align: center;\"><a href=\"https:\/\/puremorocco.rezdy.com\/446710\/horse-draw-carriage-marrakech-gardens-tour\" class=\"atbtn atbtn--default atbtn--large atbtn--rounded\">Reserve ahora<\/a> \u00a1!<\/p>\n<h1>Visita a los jardines de Marrakech en coche de caballos<\/h1>\n<h2>Marrakech, capital cultural y tur\u00edstica de Marruecos, tambi\u00e9n ha sido bendecida por sus ep\u00f3nimos y hermosos jardines.<\/h2>\n<p style=\"text-align: justify;\">Esta <strong>excursi\u00f3n<\/strong> de medio d\u00eda por <strong>los Jardines y Remparts de Marrakech en coche de<\/strong> caballos le llevar\u00e1 a visitar los hermosos <strong>jardines y murallas<\/strong>, donde visitar\u00e1 los bellos Jardines de la Menara y los Jardines Majorelle.<\/p>\n<p style=\"text-align: justify;\"><strong>Los Jardines de la Menara<\/strong> se encuentran a la sombra del Atlas y es una de las vistas m\u00e1s apreciadas de Marrakech. Los <strong>Jardines Majorelle<\/strong> fueron dise\u00f1ados por <strong>Jacques Majorelle<\/strong>, destacado pintor y bot\u00e1nico franc\u00e9s. Estos jardines privados son ahora propiedad de la casa de moda francesa <strong>Yves St. Laurent<\/strong>. Aqu\u00ed podr\u00e1 admirar diversas plantas bot\u00e1nicas y una gran variedad de cactus y otras plantas. Un <strong>recorrido en coche de caballos<\/strong> por estos hermosos <strong>Jardines de Marrakech<\/strong> es una forma perfecta de admirar la bella naturaleza de una manera diferente.<\/p>\n<p style=\"text-align: justify;\">Esta excursi\u00f3n se considera imprescindible para los reci\u00e9n casados y las familias.<\/p>\n<table class=\"table table-bordered tours-tabs__table\">\n<tbody>\n<tr>\n<td><strong>LUGAR DE SALIDA\/REGRESO<\/strong><\/td>\n<td>Desde\/hasta su hotel<\/td>\n<\/tr>\n<tr>\n<td><strong>HORA DE SALIDA<\/strong><\/td>\n<td>9:00 AM o 3:00 PM<\/td>\n<\/tr>\n<tr>\n<td><strong>TIEMPO DE RETORNO<\/strong><\/td>\n<td>12:00 PM o 6:00 PM (aprox.)<\/td>\n<\/tr>\n<tr>\n<td><strong>V\u00cdSTETE<\/strong><\/td>\n<td>Ropa gratis<\/td>\n<\/tr>\n<tr>\n<td><strong>INCLUIDO<\/strong><\/td>\n<td><div class=\"row 2\"><div class=\"col-md-6\"><i class=\"fa fa-check icon-tick icon-tick--on\"><\/i>Disposici\u00f3n de carruajes\n<\/div><i class=\"fa fa-check icon-tick icon-tick--on\"><\/i> Recogida en hotel\n<div class=\"col-md-6\"><i class=\"fa fa-check icon-tick icon-tick--on\"><\/i>Tasas de los monumentos<\/div><\/div><\/td>\n<\/tr>\n<tr>\n<td><strong>NO INCLUIDO<\/strong><\/td>\n<td><div class=\"row 2\"><\/div><div class=\"col-md-6\"><i class=\"fa fa-times icon-tick icon-tick--off\"><\/i>Almuerzo<\/div><i class=\"fa fa-times icon-tick icon-tick--off\"><\/i>Gasto personal<br \/>\n<div class=\"col-md-6\"><i class=\"fa fa-times icon-tick icon-tick--off\"><\/i>Propinas<\/div><i class=\"fa fa-times icon-tick icon-tick--off\"><\/i>Servicios no especificados  <div class=\"col-md-6\"><i class=\"fa fa-times icon-tick icon-tick--off\"><\/i>Transporte<\/div><i class=\"fa fa-times icon-tick icon-tick--off\"><\/i>Gu\u00eda tur\u00edstica<\/td>\n<\/tr>\n<\/tbody>\n<\/table>\n","protected":false},"excerpt":{"rendered":"<p>Marrakech Paseo en coche de caballos para descubrir los jardines y murallas de Marrakech.<\/p>\n","protected":false},"featured_media":4379,"template":"","meta":[],"product_brand":[],"product_cat":[2600],"product_tag":[2544,2601,2542],"class_list":{"0":"post-6189","1":"product","2":"type-product","3":"status-publish","4":"has-post-thumbnail","6":"product_cat-excursiones","7":"product_tag-luna-de-miel-tours","8":"product_tag-para-toda-la-familia","9":"product_tag-visita-cultural","10":"tour_category-actividades-al-aire-libre","11":"tour_category-marrakech-es","12":"tour_category-visita-privada","14":"first","15":"outofstock","16":"shipping-taxable","17":"product-type-tour","18":"has-default-attributes"},"_links":{"self":[{"href":"https:\/\/puremoroccotours.com\/es\/wp-json\/wp\/v2\/product\/6189","targetHints":{"allow":["GET"]}}],"collection":[{"href":"https:\/\/puremoroccotours.com\/es\/wp-json\/wp\/v2\/product"}],"about":[{"href":"https:\/\/puremoroccotours.com\/es\/wp-json\/wp\/v2\/types\/product"}],"wp:featuredmedia":[{"embeddable":true,"href":"https:\/\/puremoroccotours.com\/es\/wp-json\/wp\/v2\/media\/4379"}],"wp:attachment":[{"href":"https:\/\/puremoroccotours.com\/es\/wp-json\/wp\/v2\/media?parent=6189"}],"wp:term":[{"taxonomy":"product_brand","embeddable":true,"href":"https:\/\/puremoroccotours.com\/es\/wp-json\/wp\/v2\/product_brand?post=6189"},{"taxonomy":"product_cat","embeddable":true,"href":"https:\/\/puremoroccotours.com\/es\/wp-json\/wp\/v2\/product_cat?post=6189"},{"taxonomy":"product_tag","embeddable":true,"href":"https:\/\/puremoroccotours.com\/es\/wp-json\/wp\/v2\/product_tag?post=6189"}],"curies":[{"name":"wp","href":"https:\/\/api.w.org\/{rel}","templated":true}]}}