{"id":6190,"date":"2016-02-18T13:27:58","date_gmt":"2016-02-18T13:27:58","guid":{"rendered":"https:\/\/puremoroccotours.com\/best-tours-in-morocco\/agafay-desert-day-trip\/"},"modified":"2023-09-24T17:40:07","modified_gmt":"2023-09-24T17:40:07","slug":"agafay-desert-day-trip","status":"publish","type":"product","link":"https:\/\/puremoroccotours.com\/es\/tours\/agafay-desert-day-trip\/","title":{"rendered":"Excursi\u00f3n al desierto de Agafay desde Marrakech"},"content":{"rendered":"<p style=\"text-align: center;\"><a href=\"https:\/\/puremorocco.rezdy.com\/446464\/desert-trip-to-agafay-from-marrakech\" class=\"atbtn atbtn--default atbtn--large atbtn--rounded\">Reserve ahora<\/a><\/p>\n<h1 style=\"text-align: center;\">Excursi\u00f3n de un d\u00eda al desierto de Agafay desde Marrakech:<\/h1>\n<h2 style=\"text-align: justify;\">La excursi\u00f3n de un d\u00eda al desierto de Agafay, le llevar\u00e1 a un lugar m\u00e1gico para escapar de la monoton\u00eda de las ciudades modernas, se encuentra a 1 hora en coche de la ocre y animada ciudad de Marrakech.<\/h2>\n<h3 style=\"text-align: justify;\">La <strong>excursi\u00f3n de un d\u00eda al desierto de Agafay<\/strong> le permitir\u00e1 explorar el terreno rocoso de las estribaciones de la cordillera del Atlas, aprender c\u00f3mo contin\u00faan hoy las tradiciones de la vida bereber y descubrir algunos de los pueblos repartidos por el desierto. Por la tarde regresaremos a Marrakech.<\/h3>\n<p style=\"text-align: justify;\">Situado a 30 kil\u00f3metros de Marrakech, llamado antiguamente el <strong>desierto de Marrakchi<\/strong>, Agafay es un exquisito oasis por el que discurre el cauce del oued con excepcionales vistas sobre el vasr desierto marroqu\u00ed.  La <strong>excursi\u00f3n de un d\u00eda al desierto de Agafay<\/strong> es la mejor escapada desde Marrakech, donde los aficionados a las actividades al aire libre quedan cautivados por la sensaci\u00f3n de libertad de practicar el deporte que deseen en vastos espacios abiertos. Una partida de &#8220;Cross-Golf&#8221; (golf campo a trav\u00e9s, una nueva y original forma divertida de aprender este deporte), paseos en bicicleta de monta\u00f1a, paseos a caballo o en burro y vivacs en camello son algunas de las numerosas actividades que se pueden organizar en el lugar.<\/p>\n<p>\u00a1Reserve su <strong>excursi\u00f3n de un d\u00eda al desierto de Agafay<\/strong> a trav\u00e9s de puremoroccotours.com!<\/p>\n<table class=\"table table-bordered tours-tabs__table\">\n<tbody>\n<tr>\n<td><strong>LUGAR DE SALIDA\/REGRESO<\/strong><\/td>\n<td>Desde\/hasta su hotel<\/td>\n<\/tr>\n<tr>\n<td><strong>HORA DE SALIDA<\/strong><\/td>\n<td>9 DE LA MA\u00d1ANA<\/td>\n<\/tr>\n<tr>\n<td><strong>TIEMPO DE RETORNO<\/strong><\/td>\n<td>14:00 (aprox.)<\/td>\n<\/tr>\n<tr>\n<td><strong>V\u00cdSTETE<\/strong><\/td>\n<td>Ropa gratis<\/td>\n<\/tr>\n<tr>\n<td><strong>INCLUIDO<\/strong><\/td>\n<td><div class=\"row 2\"><div class=\"col-md-6\"><\/div><i class=\"fa fa-check icon-tick icon-tick--on\"><\/i>Coche 4&#215;4 <i class=\"fa fa-check icon-tick icon-tick--on\"><\/i>Paseo en camello<br \/>\n<div class=\"col-md-6\"><\/div><i class=\"fa fa-check icon-tick icon-tick--on\"><\/i>Pausa para el t\u00e9 en casa de un habitante local<br \/>\n<\/div><\/td>\n<\/tr>\n<tr>\n<td><strong>NO INCLUIDO<\/strong><\/td>\n<td><div class=\"row 2\"><div class=\"col-md-6\"><\/div><i class=\"fa fa-times icon-tick icon-tick--off\"><\/i>Almuerzo<\/div><i class=\"fa fa-times icon-tick icon-tick--off\"><\/i>Gasto personal<br \/>\n<div class=\"col-md-6\"><\/div><i class=\"fa fa-times icon-tick icon-tick--off\"><\/i>Propinas[\/]<i class=\"fa fa-times icon-tick icon-tick--off\"><\/i>Servicios no especificados<br \/>\n[\/]<\/td>\n<\/tr>\n<\/tbody>\n<\/table>\n","protected":false},"excerpt":{"rendered":"<p>Excursi\u00f3n privada de medio d\u00eda desde Marrakech para descubrir el desierto de Agafay.<\/p>\n","protected":false},"featured_media":4490,"template":"","meta":[],"product_brand":[],"product_cat":[2600,2541],"product_tag":[2544,2601,2542],"class_list":{"0":"post-6190","1":"product","2":"type-product","3":"status-publish","4":"has-post-thumbnail","6":"product_cat-excursiones","7":"product_cat-excursiones-de-un-dia-es","8":"product_tag-luna-de-miel-tours","9":"product_tag-para-toda-la-familia","10":"product_tag-visita-cultural","11":"tour_category-actividades-al-aire-libre","12":"tour_category-excursiones-de-un-dia","13":"tour_category-rutas-por-el-desierto","15":"first","16":"instock","17":"shipping-taxable","18":"purchasable","19":"product-type-tour","20":"has-default-attributes"},"_links":{"self":[{"href":"https:\/\/puremoroccotours.com\/es\/wp-json\/wp\/v2\/product\/6190","targetHints":{"allow":["GET"]}}],"collection":[{"href":"https:\/\/puremoroccotours.com\/es\/wp-json\/wp\/v2\/product"}],"about":[{"href":"https:\/\/puremoroccotours.com\/es\/wp-json\/wp\/v2\/types\/product"}],"wp:featuredmedia":[{"embeddable":true,"href":"https:\/\/puremoroccotours.com\/es\/wp-json\/wp\/v2\/media\/4490"}],"wp:attachment":[{"href":"https:\/\/puremoroccotours.com\/es\/wp-json\/wp\/v2\/media?parent=6190"}],"wp:term":[{"taxonomy":"product_brand","embeddable":true,"href":"https:\/\/puremoroccotours.com\/es\/wp-json\/wp\/v2\/product_brand?post=6190"},{"taxonomy":"product_cat","embeddable":true,"href":"https:\/\/puremoroccotours.com\/es\/wp-json\/wp\/v2\/product_cat?post=6190"},{"taxonomy":"product_tag","embeddable":true,"href":"https:\/\/puremoroccotours.com\/es\/wp-json\/wp\/v2\/product_tag?post=6190"}],"curies":[{"name":"wp","href":"https:\/\/api.w.org\/{rel}","templated":true}]}}