{"id":6191,"date":"2016-02-20T10:00:01","date_gmt":"2016-02-20T10:00:01","guid":{"rendered":"https:\/\/puremoroccotours.com\/best-tours-in-morocco\/casablanca-dia-desde-rabat\/"},"modified":"2023-09-26T00:23:31","modified_gmt":"2023-09-26T00:23:31","slug":"casablanca-dia-desde-rabat","status":"publish","type":"product","link":"https:\/\/puremoroccotours.com\/es\/tours\/casablanca-dia-desde-rabat\/","title":{"rendered":"Excursi\u00f3n de un d\u00eda a Casablanca desde Rabat"},"content":{"rendered":"<p style=\"text-align: center;\"><a href=\"https:\/\/puremorocco.rezdy.com\/442191\/casablanca-private-day-trip-from-rabat\" class=\"atbtn atbtn--secondary3 atbtn--large atbtn--rounded\">Reserve ahora<\/a><\/p>\n<h2>Excursi\u00f3n de un d\u00eda a Casablanca desde Rabat<\/h2>\n<h2 style=\"text-align: justify;\">Casablanca es el coraz\u00f3n econ\u00f3mico de Marruecos. Erigida principalmente durante el protectorado franc\u00e9s, hoy se erige como una ciudad moderna y occidentalizada.<\/h2>\n<h3 style=\"text-align: justify;\">Casa Blanca en espa\u00f1ol, la &#8220;casa blanca&#8221;, y en \u00e1rabe, la llamamos Dar-el-Beida. Donde todos los edificios antiguos son de color blanco. La ciudad se cre\u00f3 en 1912 y fue colonizada por un protectorado franc\u00e9s.<\/h3>\n<p style=\"text-align: justify;\">Disfrute de <strong>una excursi\u00f3n de un d\u00eda a Cassablanca<\/strong> desde Rabat para explorar la ciudad m\u00e1s grande de Marruecos. Visitar\u00e1 el <strong>barrio de los Habous<\/strong>, construido al borde de la Medina nueva; una mezcla de arquitectura francesa con un toque marroqu\u00ed. que a, No se pierda la impresionante Mezquita de Hassan II. Los otros lugares de inter\u00e9s ser\u00e1n la Plaza Mohammed V, la Medina Vieja, la Corniche, pero la visita obligada es la Mezquita Hassan II, reci\u00e9n terminada en 1993, una de las mayores mezquitas del mundo y la \u00fanica que pueden visitar los no musulmanes.<\/p>\n<p>Reservar <strong>excursi\u00f3n de un d\u00eda a Casablanca<\/strong> desde Rabat <strong><br \/>\n  <a href=\"https:\/\/puremorocco.rezdy.com\/442191\/casablanca-day-trip-from-rabat\" target=\"_blank\" rel=\"noopener noreferrer\">aqu\u00ed<\/a><br \/>\n<\/strong> o p\u00f3ngase en contacto con nosotros para confeccionar su viaje a medida rellenando el siguiente enlace <strong><br \/>\n  <a href=\"http:\/\/puremoroccotours.com\/tour-quote\" target=\"_blank\" rel=\"noopener noreferrer\">&#8220;Solicitar Presupuesto<\/a><br \/>\n<\/strong>.<\/p>\n<table class=\"table table-bordered tours-tabs__table\">\n<tbody>\n<tr>\n<td><strong>LUGAR DE SALIDA\/REGRESO<\/strong><\/td>\n<td>Desde\/hasta su hotel<\/td>\n<\/tr>\n<tr>\n<td><strong>HORA DE SALIDA<\/strong><\/td>\n<td>8 DE LA MA\u00d1ANA<\/td>\n<\/tr>\n<tr>\n<td><strong>TIEMPO DE RETORNO<\/strong><\/td>\n<td>16:00 (aprox.)<\/td>\n<\/tr>\n<tr>\n<td><strong>VISTE<\/strong><\/td>\n<td>Ropa gratis<\/td>\n<\/tr>\n<tr>\n<td><strong>INCLUIDO<\/strong><\/td>\n<td><div class=\"row 2\"><div class=\"col-md-6\"><i class=\"fa fa-check icon-tick icon-tick--on\"><\/i>AC Transportation<\/div><i class=\"fa fa-check icon-tick icon-tick--on\"><\/i>Gu\u00eda tur\u00edstico<br \/>\n<div class=\"col-md-6\"><i class=\"fa fa-check icon-tick icon-tick--on\"><\/i>Tasas de los monumentos<\/div><\/div><\/td>\n<\/tr>\n<tr>\n<td><strong>NO INCLUIDO<\/strong><\/td>\n<td><div class=\"row 2\"><div class=\"col-md-6\"><i class=\"fa fa-times icon-tick icon-tick--off\"><\/i>Almuerzo<\/div><i class=\"fa fa-times icon-tick icon-tick--off\"><\/i>Gasto personal<br \/>\n<div class=\"col-md-6\"><i class=\"fa fa-times icon-tick icon-tick--off\"><\/i>Propinas<\/div><i class=\"fa fa-times icon-tick icon-tick--off\"><\/i>Servicios no especificados<br \/>\n<\/div><\/td>\n<\/tr>\n<\/tbody>\n<\/table>\n","protected":false},"excerpt":{"rendered":"<p>Excursi\u00f3n privada de un d\u00eda desde Rabat para descubrir Casablanca.<\/p>\n","protected":false},"featured_media":4231,"template":"","meta":[],"product_brand":[],"product_cat":[2541],"product_tag":[2542],"class_list":{"0":"post-6191","1":"product","2":"type-product","3":"status-publish","4":"has-post-thumbnail","6":"product_cat-excursiones-de-un-dia-es","7":"product_tag-visita-cultural","8":"tour_category-casablanca-es","9":"tour_category-excursiones-de-un-dia","10":"tour_category-visita-privada","12":"first","13":"outofstock","14":"shipping-taxable","15":"product-type-tour"},"_links":{"self":[{"href":"https:\/\/puremoroccotours.com\/es\/wp-json\/wp\/v2\/product\/6191","targetHints":{"allow":["GET"]}}],"collection":[{"href":"https:\/\/puremoroccotours.com\/es\/wp-json\/wp\/v2\/product"}],"about":[{"href":"https:\/\/puremoroccotours.com\/es\/wp-json\/wp\/v2\/types\/product"}],"wp:featuredmedia":[{"embeddable":true,"href":"https:\/\/puremoroccotours.com\/es\/wp-json\/wp\/v2\/media\/4231"}],"wp:attachment":[{"href":"https:\/\/puremoroccotours.com\/es\/wp-json\/wp\/v2\/media?parent=6191"}],"wp:term":[{"taxonomy":"product_brand","embeddable":true,"href":"https:\/\/puremoroccotours.com\/es\/wp-json\/wp\/v2\/product_brand?post=6191"},{"taxonomy":"product_cat","embeddable":true,"href":"https:\/\/puremoroccotours.com\/es\/wp-json\/wp\/v2\/product_cat?post=6191"},{"taxonomy":"product_tag","embeddable":true,"href":"https:\/\/puremoroccotours.com\/es\/wp-json\/wp\/v2\/product_tag?post=6191"}],"curies":[{"name":"wp","href":"https:\/\/api.w.org\/{rel}","templated":true}]}}