{"id":6192,"date":"2016-02-24T12:54:25","date_gmt":"2016-02-24T12:54:25","guid":{"rendered":"https:\/\/puremoroccotours.com\/best-tours-in-morocco\/rabat-dia-viaje-desde-casablanca\/"},"modified":"2023-09-09T08:52:35","modified_gmt":"2023-09-09T08:52:35","slug":"rabat-dia-viaje-desde-casablanca","status":"publish","type":"product","link":"https:\/\/puremoroccotours.com\/es\/tours\/rabat-dia-viaje-desde-casablanca\/","title":{"rendered":"Excursi\u00f3n a Rabat desde Casablanca"},"content":{"rendered":"<p style=\"text-align: center;\"><a href=\"https:\/\/puremorocco.rezdy.com\/442190\/rabat-private-day-trip-from-casablanca\" class=\"atbtn atbtn--secondary3 atbtn--medium\">Reserve ahora<\/a><\/p>\n<h1 style=\"text-align: justify;\">\u00a1\u00a1\u00a1Excursi\u00f3n de un d\u00eda a Rabat desde Casablanca !!!<\/h1>\n<h2 style=\"text-align: justify;\">Reserve <strong>una excursi\u00f3n de un d\u00eda a Rabat<\/strong> para explorar la capital de Marruecos. Rabat est\u00e1 clasificada desde 2012 como patrimonio compartido de la UNESCO: <a href=\"http:\/\/whc.unesco.org\/en\/list\/1401#\">Capital Moderna y Ciudad Hist\u00f3rica.<\/a><\/h2>\n<h3 style=\"text-align: justify;\">Rabat es la capital de Marruecos y es una de las ciudades imperiales de Marruecos, el centro pol\u00edtico y administrativo del pa\u00eds donde se encuentran el Palacio Real, el gobierno y las embajadas. Rabat est\u00e1 situada en la zona norte del pa\u00eds, a lo largo de la costa atl\u00e1ntica y en la orilla izquierda de la desembocadura del Bouregreg.<\/h3>\n<p class=\"center box-padding-xx\" style=\"text-align: justify;\">La <strong>excursi\u00f3n de un d\u00eda a Rab<\/strong> at le llevar\u00e1 a descubrir los principales lugares de Rabat: como la Kasbah de Oudaias, la Torre Hassan y las ruinas de 200 columnas, la Necr\u00f3polis de Chellah, el Mausoleo de Mohamed V, la medina, \u00a1y mucho m\u00e1s!<\/p>\n<p style=\"text-align: justify;\"><em><br \/>\n  <strong>Chellah<\/strong><br \/>\n<\/em> o Sala Colonia es una necr\u00f3polis y complejo de la antigua Mauritania romana Tingitana y ruinas medievales en las afueras de Rabat, es el asentamiento humano m\u00e1s antiguo en la desembocadura del r\u00edo Bou Regreg.<img loading=\"lazy\" decoding=\"async\" id=\"img520\" class=\"aligncenter sq_image\" title=\"excursi\u00f3n a rabat\" src=\"https:\/\/puremoroccotours.com\/wp-content\/uploads\/2017\/07\/1200px-Rabat2C_Chellah_ruins_7.jpg\" alt=\"excursi\u00f3n a rabat\" width=\"572\" height=\"429\"\/><\/p>\n<p style=\"text-align: justify;\"><em><br \/>\n  <strong>Torre Hassan:<\/strong><br \/>\n<\/em> Es el minarete de una mezquita incompleta, la torre estaba destinada a ser el minarete m\u00e1s grande del mundo junto con su mezquita pero las obras se detuvieron justo despu\u00e9s de la muerte de Yaakub Al Mansour.<img loading=\"lazy\" decoding=\"async\" class=\"aligncenter wp-image-934\" src=\"https:\/\/puremoroccotours.com\/wp-content\/uploads\/2016\/01\/Tour_Hassan-Rabat.jpg\" alt=\"Excursi\u00f3n a Rabat y Casablanca, Visita de medio d\u00eda a la ciudad de Rabat\" width=\"589\" height=\"385\" srcset=\"https:\/\/puremoroccotours.com\/wp-content\/uploads\/2016\/01\/Tour_Hassan-Rabat.jpg 624w, https:\/\/puremoroccotours.com\/wp-content\/uploads\/2016\/01\/Tour_Hassan-Rabat-300x196.jpg 300w\" sizes=\"auto, (max-width: 589px) 100vw, 589px\" \/><\/p>\n<p>Durante esta <strong>excursi\u00f3n de un d\u00eda a Rabat<\/strong>, tambi\u00e9n podr\u00e1 disfrutar de la visita de <em><br \/>\n  <strong>el mausoleo de Mohammed V<\/strong><br \/>\n<\/em> es un edificio hist\u00f3rico situado en el lado opuesto de la explanada Yaakub Al Mansour. Contiene las tumbas del rey marroqu\u00ed Mohammed V y de sus dos hijos, el difunto rey Hassan II y el pr\u00edncipe Abdallah. El edificio se considera una obra maestra de la arquitectura moderna de la dinast\u00eda alau\u00ed, con su silueta blanca, rematada por un t\u00edpico tejado de tejas verdes, siendo el verde el color del Islam. A menudo est\u00e1 presente un lector del Cor\u00e1n, que tiene su asiento asignado. Su construcci\u00f3n finaliz\u00f3 en 1971. Hassan II fue enterrado all\u00ed tras su muerte en 1999.<img decoding=\"async\" id=\"img601\" class=\"aligncenter size-medium sq_image\" title=\"excursi\u00f3n a rabat\" src=\"https:\/\/puremoroccotours.com\/wp-content\/uploads\/2017\/07\/tour_img-345748-145.jpg\" alt=\"excursi\u00f3n a rabat\" width=\"500\"\/><\/p>\n<p style=\"text-align: justify;\"><em><br \/>\n  <strong>Kasbah de Oudayyas:<\/strong><br \/>\n<\/em> es una Kasbah en la desembocadura del r\u00edo Bou Regreg, fue construida en el siglo XII por los almohades que la llamaron &#8220;Al Mahdia&#8221; en referencia a su l\u00edder Al Mahdi Ben Tumurt. Originalmente, esta Kasbah era un Ribat (una defensa militar). Y m\u00e1s tarde la kasbah dio su nombre a toda la ciudad. Kasbah Oudayas es una ciudad dentro de otra ciudad, una peque\u00f1a ciudad aparte en Rabat. En 2012 se inscribi\u00f3 en la lista del Patrimonio Mundial de la UNESCO como bien cultural junto con otros lugares de la ciudad.<img decoding=\"async\" id=\"img697\" class=\"aligncenter size-medium sq_image\" title=\"excursi\u00f3n a rabat\" src=\"https:\/\/puremoroccotours.com\/wp-content\/uploads\/2017\/07\/casablanca-shore-excursion-private-casablanca-and-rabat-day-trip-in-casablanca-187458.jpg\" alt=\"excursi\u00f3n de un d\u00eda a rabat\" width=\"500\"\/><\/p>\n<p style=\"text-align: justify;\"><em><strong>Medina:<\/strong> <\/em>En la antigua medina hay mucho que ver, antiguas murallas con enormes puertas e innumerables tiendas de artesanos.<\/p>\n<p>\u00a1\u00a1\u00a1Reserve su <strong>excursi\u00f3n de un d\u00eda a Rabat<\/strong> desde Casablanca, o pida a nuestro asesor de viajes que le confeccione su viaje a Marruecos a medida!!!<\/p>\n<table class=\"table table-bordered tours-tabs__table\">\n<tbody>\n<tr>\n<td style=\"text-align: justify;\"><strong>LUGAR DE SALIDA\/REGRESO<\/strong><\/td>\n<td style=\"text-align: justify;\">Desde\/hasta su hotel<\/td>\n<\/tr>\n<tr>\n<td><strong>HORA DE SALIDA<\/strong><\/td>\n<td>9 DE LA MA\u00d1ANA<\/td>\n<\/tr>\n<tr>\n<td><strong>TIEMPO DE RETORNO<\/strong><\/td>\n<td>16:00 (aprox.)<\/td>\n<\/tr>\n<tr>\n<td><strong>VISTE<\/strong><\/td>\n<td>Ropa gratis<\/td>\n<\/tr>\n<tr>\n<td><strong>INCLUIDO<\/strong><\/td>\n<td><div class=\"row 2\"><div class=\"col-md-6\"><i class=\"fa fa-check icon-tick icon-tick--on\"><\/i>Transporte AC<\/div><i class=\"fa fa-check icon-tick icon-tick--on\"><\/i>Gu\u00eda tur\u00edstico <div class=\"col-md-6\"><i class=\"fa fa-check icon-tick icon-tick--on\"><\/i>Tasas de los monumentos<\/div><\/div><\/td>\n<\/tr>\n<tr>\n<td><strong>NO INCLUIDO<\/strong><\/td>\n<td><div class=\"row 2\"><div class=\"col-md-6\"><i class=\"fa fa-times icon-tick icon-tick--off\"><\/i>Almuerzo<\/div><i class=\"fa fa-times icon-tick icon-tick--off\"><\/i>Gasto personal  <div class=\"col-md-6\"><i class=\"fa fa-times icon-tick icon-tick--off\"><\/i>Propinas<\/div><i class=\"fa fa-times icon-tick icon-tick--off\"><\/i>Servicios no especificados  <\/div><\/td>\n<\/tr>\n<\/tbody>\n<\/table>\n","protected":false},"excerpt":{"rendered":"<p>Excursi\u00f3n privada de un d\u00eda desde Casablanca para descubrir Rabat.<\/p>\n","protected":false},"featured_media":4347,"template":"","meta":[],"product_brand":[],"product_cat":[2541],"product_tag":[2542,2543],"class_list":{"0":"post-6192","1":"product","2":"type-product","3":"status-publish","4":"has-post-thumbnail","6":"product_cat-excursiones-de-un-dia-es","7":"product_tag-visita-cultural","8":"product_tag-visitas-historicas-y-patrimoniales","9":"tour_category-excursiones-de-un-dia","10":"tour_category-rabat-es","11":"tour_category-visita-privada","13":"first","14":"outofstock","15":"shipping-taxable","16":"product-type-tour"},"_links":{"self":[{"href":"https:\/\/puremoroccotours.com\/es\/wp-json\/wp\/v2\/product\/6192","targetHints":{"allow":["GET"]}}],"collection":[{"href":"https:\/\/puremoroccotours.com\/es\/wp-json\/wp\/v2\/product"}],"about":[{"href":"https:\/\/puremoroccotours.com\/es\/wp-json\/wp\/v2\/types\/product"}],"wp:featuredmedia":[{"embeddable":true,"href":"https:\/\/puremoroccotours.com\/es\/wp-json\/wp\/v2\/media\/4347"}],"wp:attachment":[{"href":"https:\/\/puremoroccotours.com\/es\/wp-json\/wp\/v2\/media?parent=6192"}],"wp:term":[{"taxonomy":"product_brand","embeddable":true,"href":"https:\/\/puremoroccotours.com\/es\/wp-json\/wp\/v2\/product_brand?post=6192"},{"taxonomy":"product_cat","embeddable":true,"href":"https:\/\/puremoroccotours.com\/es\/wp-json\/wp\/v2\/product_cat?post=6192"},{"taxonomy":"product_tag","embeddable":true,"href":"https:\/\/puremoroccotours.com\/es\/wp-json\/wp\/v2\/product_tag?post=6192"}],"curies":[{"name":"wp","href":"https:\/\/api.w.org\/{rel}","templated":true}]}}