{"id":6193,"date":"2016-02-18T09:56:53","date_gmt":"2016-02-18T09:56:53","guid":{"rendered":"https:\/\/puremoroccotours.com\/best-tours-in-morocco\/viaje-de-un-dia-a-asni-ouirgane\/"},"modified":"2023-09-16T17:14:52","modified_gmt":"2023-09-16T17:14:52","slug":"viaje-de-un-dia-a-asni-ouirgane","status":"publish","type":"product","link":"https:\/\/puremoroccotours.com\/es\/tours\/viaje-de-un-dia-a-asni-ouirgane\/","title":{"rendered":"Valles Asni Ouirgane Excursi\u00f3n de un d\u00eda desde Marrakech"},"content":{"rendered":"<p style=\"text-align: center;\"><a href=\"https:\/\/puremorocco.rezdy.com\/446746\/asni-ouirgane-valleys-excursion-from-marrakech\" class=\"atbtn atbtn--default atbtn--large atbtn--rounded\">Reserve ahora<\/a><\/p>\n<h1>Excursi\u00f3n de un d\u00eda a Asni Ouirgane desde Marrakech<\/h1>\n<h2 style=\"text-align: justify;\">Asni es un pueblo bereber situado a 1.500 metros de altitud. Est\u00e1 dominada por el Djebel Toubkal, con la cumbre m\u00e1s alta de Marruecos a 4 167 m, a 75 km de Marrakech.<\/h2>\n<p style=\"text-align: justify;\">Salida hacia <strong>Asni <\/strong>por la impresionante carretera de Imlil para su <strong>excursi\u00f3n de un d\u00eda a Asni Ouiragane<\/strong> desde Marrakech. Esta excursi\u00f3n de un d\u00eda es una oportunidad perfecta para llegar a las estribaciones de un enorme macizo de 3.000 metros de altura desde el que se eleva el monte Toukbal, de 4.167 metros. Tambi\u00e9n es el punto de partida de muchas excursiones por el Alto Atlas.<\/p>\n<p style=\"text-align: justify;\">Por el camino, en los valles con varios pueblos, se puede admirar la vasta campi\u00f1a cubierta de verdes robles, cipreses y otra vegetaci\u00f3n t\u00edpica del Atlas. La ruta de la <strong>excursi\u00f3n de un d\u00eda a Asni Ouirgane desde Marrakech <\/strong>le ofrece una variedad de paisajes sobrecogedora. Despu\u00e9s tomaremos un peque\u00f1o puerto de monta\u00f1a para llegar a Ouirgane y nos adentraremos en los ca\u00f1ones del Oued N&#8217;Fis. Desde la pista de monta\u00f1a hay una magn\u00edfica vista de los alrededores. Esta excursi\u00f3n se realiza mejor los d\u00edas de zoco bereber: Martes, mi\u00e9rcoles y s\u00e1bados.<\/p>\n<table class=\"table table-bordered tours-tabs__table\">\n<tbody>\n<tr>\n<td><strong>LUGAR DE SALIDA\/REGRESO<\/strong><\/td>\n<td>De\/a su hotel en Marrakech<\/td>\n<\/tr>\n<tr>\n<td><strong>HORA DE SALIDA<\/strong><\/td>\n<td>9 DE LA MA\u00d1ANA<\/td>\n<\/tr>\n<tr>\n<td><strong>TIEMPO DE RETORNO<\/strong><\/td>\n<td>17:00 (aprox.)<\/td>\n<\/tr>\n<tr>\n<td><strong>VISTE<\/strong><\/td>\n<td>Ropa gratis<\/td>\n<\/tr>\n<tr>\n<td><strong>INCLUIDO<\/strong><\/td>\n<td>[\/vc_column_text][\/vc_column][\/vc_row]<div class=\"row 2\"><\/div>[vc_row][vc_column][vc_column_text]<\/td>\n<\/tr>\n<tr>\n<td><strong>NO INCLUIDO<\/strong><\/td>\n<td>[\/vc_column_text][\/vc_column][\/vc_row]<div class=\"row 2\"><\/div>[vc_row][vc_column][vc_column_text]<\/td>\n<\/tr>\n<\/tbody>\n<\/table>\n<p>[\/vc_column_text][\/vc_column][\/vc_row]<\/p>\n","protected":false},"excerpt":{"rendered":"<p>Excursi\u00f3n privada de un d\u00eda desde Marrakech para descubrir la cordillera del Atlas.<\/p>\n","protected":false},"featured_media":4474,"template":"","meta":[],"product_brand":[],"product_cat":[2600,2541],"product_tag":[2544,2601,2542],"class_list":{"0":"post-6193","1":"product","2":"type-product","3":"status-publish","4":"has-post-thumbnail","6":"product_cat-excursiones","7":"product_cat-excursiones-de-un-dia-es","8":"product_tag-luna-de-miel-tours","9":"product_tag-para-toda-la-familia","10":"product_tag-visita-cultural","11":"tour_category-atlas","12":"tour_category-excursiones-de-un-dia","13":"tour_category-visita-privada","15":"first","16":"outofstock","17":"shipping-taxable","18":"product-type-tour"},"_links":{"self":[{"href":"https:\/\/puremoroccotours.com\/es\/wp-json\/wp\/v2\/product\/6193","targetHints":{"allow":["GET"]}}],"collection":[{"href":"https:\/\/puremoroccotours.com\/es\/wp-json\/wp\/v2\/product"}],"about":[{"href":"https:\/\/puremoroccotours.com\/es\/wp-json\/wp\/v2\/types\/product"}],"wp:featuredmedia":[{"embeddable":true,"href":"https:\/\/puremoroccotours.com\/es\/wp-json\/wp\/v2\/media\/4474"}],"wp:attachment":[{"href":"https:\/\/puremoroccotours.com\/es\/wp-json\/wp\/v2\/media?parent=6193"}],"wp:term":[{"taxonomy":"product_brand","embeddable":true,"href":"https:\/\/puremoroccotours.com\/es\/wp-json\/wp\/v2\/product_brand?post=6193"},{"taxonomy":"product_cat","embeddable":true,"href":"https:\/\/puremoroccotours.com\/es\/wp-json\/wp\/v2\/product_cat?post=6193"},{"taxonomy":"product_tag","embeddable":true,"href":"https:\/\/puremoroccotours.com\/es\/wp-json\/wp\/v2\/product_tag?post=6193"}],"curies":[{"name":"wp","href":"https:\/\/api.w.org\/{rel}","templated":true}]}}