{"id":6195,"date":"2016-02-19T17:51:57","date_gmt":"2016-02-19T17:51:57","guid":{"rendered":"https:\/\/puremoroccotours.com\/best-tours-in-morocco\/ruta-de-las-montanas-del-atlas-medio\/"},"modified":"2023-09-06T00:10:30","modified_gmt":"2023-09-06T00:10:30","slug":"ruta-de-las-montanas-del-atlas-medio","status":"publish","type":"product","link":"https:\/\/puremoroccotours.com\/es\/tours\/ruta-de-las-montanas-del-atlas-medio\/","title":{"rendered":"\u00a1Excursi\u00f3n a las monta\u00f1as del Atlas Medio desde Fez !"},"content":{"rendered":"<p style=\"text-align: center;\">\n<h1>\u00a1Excursi\u00f3n a las monta\u00f1as del Atlas Medio desde Fez !<\/h1>\n<h2 style=\"text-align: justify;\">La excursi\u00f3n a las monta\u00f1as del Atlas Medio le llevar\u00e1 a conocer esta aut\u00e9ntica regi\u00f3n a la que se puede acceder desde Fez.<\/h2>\n<h5 style=\"text-align: justify;\">A diferencia del Alto Atlas, las monta\u00f1as <strong>del Atlas<\/strong> Medio siguen siendo menos visitadas por los turistas. Sin embargo, ofrece un gran potencial tur\u00edstico, como laderas muy boscosas, relieves m\u00e1s suaves con hermosas zonas para caminar y una serie de interesantes ciudades y pueblos bereberes que visitar.<\/h5>\n<\/p><p style=\"text-align: justify;\">Comenzar\u00e1 su <strong>excursi\u00f3n por las monta\u00f1as del Atlas<\/strong> Medio en Ifrane, antes de continuar hacia Azrou, que es un pueblo bereber construido a una altitud de 1250 m con casas de las tribus bereberes &#8220;Los habitantes originales de Marruecos&#8221;. Observe a los hombres bereberes con sus reba\u00f1os de ovejas, moliendo harina o practicando sus oficios.Visite el bosque de cedros m\u00e1s conservado de Marruecos, donde podr\u00e1 ver monos de Berber\u00eda saltando altas ramas espinosas. A lo largo del camino bosques de cedros, incluso se puede ver el gris swoons Atlas o jabal\u00ed.<\/p>\n<p>Reserve su <strong>excursi\u00f3n por el Medio Atlas<\/strong> desde <strong><br \/>\n  <a href=\"https:\/\/puretours.checkfront.com\/reserve\/?item_id=39\" target=\"_blank\" rel=\"noopener noreferrer\">aqu\u00ed<\/a><br \/>\n<\/strong> o pregunte a uno de nuestros Expertos Locales si necesita alguna modificaci\u00f3n del tour, rellenando el siguiente formulario <strong><br \/>\n  <a href=\"https:\/\/puremoroccotours.com\/es\/tour-quote\/\" target=\"_blank\" rel=\"noopener noreferrer\">&#8220;Solicitar Presupuesto<\/a><br \/>\n<\/strong>.<\/p>\n<p>&nbsp;<\/p>\n<table class=\"table table-bordered tours-tabs__table\">\n<tbody>\n<tr>\n<td><strong>LUGAR DE SALIDA\/REGRESO<\/strong><\/td>\n<td>De\/a su hotel en Fez<\/td>\n<\/tr>\n<tr>\n<td><strong>HORA DE SALIDA<\/strong><\/td>\n<td>9 DE LA MA\u00d1ANA<\/td>\n<\/tr>\n<tr>\n<td><strong>TIEMPO DE RETORNO<\/strong><\/td>\n<td>17:00 (aprox.)<\/td>\n<\/tr>\n<tr>\n<td><strong>VISTE<\/strong><\/td>\n<td>Ropa gratis<\/td>\n<\/tr>\n<tr>\n<td><strong>INCLUIDO<\/strong><\/td>\n<td><div class=\"row 2\"><div class=\"col-md-6\"><i class=\"fa fa-check icon-tick icon-tick--on\"><\/i>AC Transportation<\/div><i class=\"fa fa-check icon-tick icon-tick--on\"><\/i>Gu\u00eda tur\u00edstico<br \/>\n<\/div><\/td>\n<\/tr>\n<tr>\n<td><strong>NO INCLUIDO<\/strong><\/td>\n<td><div class=\"row 2\"><div class=\"col-md-6\"><i class=\"fa fa-times icon-tick icon-tick--off\"><\/i>Almuerzo<\/div><i class=\"fa fa-times icon-tick icon-tick--off\"><\/i>Gasto personal<br \/>\n<div class=\"col-md-6\"><i class=\"fa fa-times icon-tick icon-tick--off\"><\/i>Propinas<\/div><i class=\"fa fa-times icon-tick icon-tick--off\"><\/i>Servicios no especificados<br \/>\n<\/div><\/td>\n<\/tr>\n<\/tbody>\n<\/table>\n","protected":false},"excerpt":{"rendered":"<p>Excursi\u00f3n privada por el Medio Atlas desde Fez para visitar Ifrane, Azrou con sus pueblos bereberes y bosques de cedros.<\/p>\n","protected":false},"featured_media":5394,"template":"","meta":[],"product_brand":[],"product_cat":[2600,2541],"product_tag":[2601,2542],"class_list":{"0":"post-6195","1":"product","2":"type-product","3":"status-publish","4":"has-post-thumbnail","6":"product_cat-excursiones","7":"product_cat-excursiones-de-un-dia-es","8":"product_tag-para-toda-la-familia","9":"product_tag-visita-cultural","10":"tour_category-atlas","11":"tour_category-excursiones-de-un-dia","13":"first","14":"outofstock","15":"shipping-taxable","16":"product-type-tour"},"_links":{"self":[{"href":"https:\/\/puremoroccotours.com\/es\/wp-json\/wp\/v2\/product\/6195","targetHints":{"allow":["GET"]}}],"collection":[{"href":"https:\/\/puremoroccotours.com\/es\/wp-json\/wp\/v2\/product"}],"about":[{"href":"https:\/\/puremoroccotours.com\/es\/wp-json\/wp\/v2\/types\/product"}],"wp:featuredmedia":[{"embeddable":true,"href":"https:\/\/puremoroccotours.com\/es\/wp-json\/wp\/v2\/media\/5394"}],"wp:attachment":[{"href":"https:\/\/puremoroccotours.com\/es\/wp-json\/wp\/v2\/media?parent=6195"}],"wp:term":[{"taxonomy":"product_brand","embeddable":true,"href":"https:\/\/puremoroccotours.com\/es\/wp-json\/wp\/v2\/product_brand?post=6195"},{"taxonomy":"product_cat","embeddable":true,"href":"https:\/\/puremoroccotours.com\/es\/wp-json\/wp\/v2\/product_cat?post=6195"},{"taxonomy":"product_tag","embeddable":true,"href":"https:\/\/puremoroccotours.com\/es\/wp-json\/wp\/v2\/product_tag?post=6195"}],"curies":[{"name":"wp","href":"https:\/\/api.w.org\/{rel}","templated":true}]}}