{"id":6196,"date":"2016-02-17T11:52:52","date_gmt":"2016-02-17T11:52:52","guid":{"rendered":"https:\/\/puremoroccotours.com\/best-tours-in-morocco\/ouarzazate-ait-benhaddou-excursion-de-un-dia\/"},"modified":"2023-09-06T00:35:49","modified_gmt":"2023-09-06T00:35:49","slug":"ouarzazate-ait-benhaddou-excursion-de-un-dia","status":"publish","type":"product","link":"https:\/\/puremoroccotours.com\/es\/tours\/ouarzazate-ait-benhaddou-excursion-de-un-dia\/","title":{"rendered":"\u00a1Ouarzazate Ait Benhaddou Excursi\u00f3n de un d\u00eda desde Marrakech !"},"content":{"rendered":"<p style=\"text-align: center;\"><a href=\"https:\/\/puremorocco.rezdy.com\/446704\/ait-benhaddou-ouarzazate-day-trip-from-marrakech\" class=\"atbtn atbtn--default atbtn--large atbtn--rounded\">Reserve ahora<\/a><\/p>\n<h1>Excursi\u00f3n de un d\u00eda a Ouarzazate Ait Benhaddou desde Marrakech<\/h1>\n<h2 style=\"text-align: justify;\">Ouarzazate, construida en 1928, es una de las ciudades que hay que visitar en Marruecos y el punto de partida de excursiones al desierto profundo y al Sur de Marruecos.<\/h2>\n<h2 style=\"text-align: justify;\"><img decoding=\"async\" id=\"img724\" class=\"aligncenter size-medium sq_image\" title=\"ouarzazate ait benhaddou excursi\u00f3n de un d\u00eda\" src=\"https:\/\/puremoroccotours.com\/wp-content\/uploads\/2016\/02\/Ouarzazate-Studios.jpg?x26254\" alt=\"ouarzazate ait benhaddou excursi\u00f3n de un d\u00eda\" width=\"500\"\/><\/h2>\n<p style=\"text-align: justify;\">Salida hacia <strong>Ouarzazate y excursi\u00f3n de un d\u00eda a Ait Benhaddou<\/strong>, v\u00eda la silla de montar de Tizi N&#8217;Tichka. Durante esta <strong>excursi\u00f3n de un d\u00eda a Ouarzazate Ait Benhaddou<\/strong>, visitaremos la magn\u00edfica <strong>Kasbah AitBen Haddou<\/strong>, la prueba de que seguimos viviendo dentro de dinast\u00edas de anta\u00f1o. La Unesco ha reconocido este barrio de edificios de adobe ocre como Patrimonio Mundial de la Humanidad. All\u00ed se rodaron varias pel\u00edculas famosas como <strong>Laurence de Arabia<\/strong>, <strong>Gladiator<\/strong> y muchas otras.<\/p>\n<p style=\"text-align: justify;\"><img decoding=\"async\" id=\"img248\" class=\"aligncenter size-medium sq_image\" title=\"ouarzazate ait benhaddou excursi\u00f3n de un d\u00eda\" src=\"https:\/\/puremoroccotours.com\/wp-content\/uploads\/2016\/02\/Ouarzazate-720x480.jpg?x26254\" alt=\"ouarzazate ait benhaddou excursi\u00f3n de un d\u00eda\" width=\"500\"\/><\/p>\n<table class=\"table table-bordered tours-tabs__table\">\n<tbody>\n<tr>\n<td><strong>LUGAR DE SALIDA\/REGRESO<\/strong><\/td>\n<td>De\/a su hotel\/Riad de Marrakech<\/td>\n<\/tr>\n<tr>\n<td><strong>HORA DE SALIDA<\/strong><\/td>\n<td>7 DE LA MA\u00d1ANA<\/td>\n<\/tr>\n<tr>\n<td><strong>TIEMPO DE RETORNO<\/strong><\/td>\n<td>19:00 (aprox.)<\/td>\n<\/tr>\n<tr>\n<td><strong>VISTE<\/strong><\/td>\n<td>Ropa gratis<\/td>\n<\/tr>\n<tr>\n<td><strong>INCLUIDO<\/strong><\/td>\n<td><div class=\"row 2\"><div class=\"col-md-6\"><i class=\"fa fa-check icon-tick icon-tick--on\"><\/i>AC Transportation<\/div><i class=\"fa fa-check icon-tick icon-tick--on\"><\/i>Gu\u00eda tur\u00edstico<br \/>\n<div class=\"col-md-6\"><i class=\"fa fa-check icon-tick icon-tick--on\"><\/i>Tasas de los monumentos<\/div><\/div><\/td>\n<\/tr>\n<tr>\n<td><strong>NO INCLUIDO<\/strong><\/td>\n<td><div class=\"row 2\"><div class=\"col-md-6\"><i class=\"fa fa-times icon-tick icon-tick--off\"><\/i>Almuerzo<\/div><i class=\"fa fa-times icon-tick icon-tick--off\"><\/i>Gasto personal<br \/>\n<div class=\"col-md-6\"><i class=\"fa fa-times icon-tick icon-tick--off\"><\/i>Propinas<\/div><i class=\"fa fa-times icon-tick icon-tick--off\"><\/i>Servicios no especificados<br \/>\n<\/div><\/td>\n<\/tr>\n<\/tbody>\n<\/table>\n","protected":false},"excerpt":{"rendered":"<p>Excursi\u00f3n privada de un d\u00eda a Ouarzazate y Ait Behaddou desde Marrakech.<\/p>\n","protected":false},"featured_media":4454,"template":"","meta":[],"product_brand":[],"product_cat":[2541],"product_tag":[2612,2601,2542],"class_list":{"0":"post-6196","1":"product","2":"type-product","3":"status-publish","4":"has-post-thumbnail","6":"product_cat-excursiones-de-un-dia-es","7":"product_tag-excursiones","8":"product_tag-para-toda-la-familia","9":"product_tag-visita-cultural","10":"tour_category-excursiones-de-un-dia","11":"tour_category-rutas-por-el-desierto","13":"first","14":"outofstock","15":"shipping-taxable","16":"product-type-tour"},"_links":{"self":[{"href":"https:\/\/puremoroccotours.com\/es\/wp-json\/wp\/v2\/product\/6196","targetHints":{"allow":["GET"]}}],"collection":[{"href":"https:\/\/puremoroccotours.com\/es\/wp-json\/wp\/v2\/product"}],"about":[{"href":"https:\/\/puremoroccotours.com\/es\/wp-json\/wp\/v2\/types\/product"}],"wp:featuredmedia":[{"embeddable":true,"href":"https:\/\/puremoroccotours.com\/es\/wp-json\/wp\/v2\/media\/4454"}],"wp:attachment":[{"href":"https:\/\/puremoroccotours.com\/es\/wp-json\/wp\/v2\/media?parent=6196"}],"wp:term":[{"taxonomy":"product_brand","embeddable":true,"href":"https:\/\/puremoroccotours.com\/es\/wp-json\/wp\/v2\/product_brand?post=6196"},{"taxonomy":"product_cat","embeddable":true,"href":"https:\/\/puremoroccotours.com\/es\/wp-json\/wp\/v2\/product_cat?post=6196"},{"taxonomy":"product_tag","embeddable":true,"href":"https:\/\/puremoroccotours.com\/es\/wp-json\/wp\/v2\/product_tag?post=6196"}],"curies":[{"name":"wp","href":"https:\/\/api.w.org\/{rel}","templated":true}]}}