{"id":6197,"date":"2016-02-17T16:37:09","date_gmt":"2016-02-17T16:37:09","guid":{"rendered":"https:\/\/puremoroccotours.com\/best-tours-in-morocco\/ouzoud-cascadas-excursion\/"},"modified":"2023-09-14T10:27:35","modified_gmt":"2023-09-14T10:27:35","slug":"ouzoud-cascadas-excursion","status":"publish","type":"product","link":"https:\/\/puremoroccotours.com\/es\/tours\/ouzoud-cascadas-excursion\/","title":{"rendered":"Excursi\u00f3n a las cascadas de Ouzoud desde Marrakech"},"content":{"rendered":"<p style=\"text-align: center;\"><a href=\"https:\/\/puremorocco.rezdy.com\/446703\/ouzoud-waterfalls-private-excursion-from-marrakech\" class=\"atbtn atbtn--default atbtn--large atbtn--rounded\">Reserve ahora<\/a><\/p>\n<h1>\u00a1\u00a1\u00a1Excursi\u00f3n a las cascadas de Ouzoud, excursi\u00f3n de un d\u00eda desde Marrakech!!!<\/h1>\n<h2 style=\"text-align: justify;\">Esta <strong>excursi\u00f3n de un d\u00eda a las cascadas de Ouzoud<\/strong> le permitir\u00e1 descubrir las mayores <strong>cascadas de Marruecos y del Norte de \u00c1frica<\/strong>.<\/h2>\n<h2 style=\"text-align: justify;\"><img decoding=\"async\" id=\"img296\" class=\"aligncenter size-medium sq_image\" title=\"excursi\u00f3n a las cascadas de ouzoud\" src=\"https:\/\/puremoroccotours.com\/wp-content\/uploads\/2017\/07\/marrakech-to-ouzoud-waterfalls-excursion1.jpg\" alt=\"excursi\u00f3n a las cascadas de ouzoud\" width=\"500\"\/><\/h2>\n<h3 style=\"text-align: justify;\">La <strong>cascada Ozoud de Marruecos<\/strong>, que se precipita desde una altura de 110 metros en el r\u00edo, es algo que hay que ver cuando se est\u00e1 en Marrakech.<\/h3>\n<p>Recogida en su hotel de Marrakech sobre las 8H00 y salida hacia <strong>las Cascadas de Ouzoud<\/strong>, situadas junto al pueblo de Tanaghmeilt, en las monta\u00f1as del Atlas Medio, en la provincia de Azilal, a 150 km al noreste de Marrakech. Ouzoud&#8221; significa &#8220;moler el grano&#8221; en bereber. Las Cascadas de Ouzoud son las m\u00e1s altas de Marruecos. Son un espect\u00e1culo magn\u00edfico, cayendo 110 metros a trav\u00e9s de una espectacular garganta de roca roja del r\u00edo El Abid.<\/p>\n<p>Ouzoud en bereber significa &#8220;olivo&#8221;, lo que hace referencia al cultivo de aceitunas en esta zona), que se precipitaba desde una altura de 110 metros al r\u00edo. Tiempo libre para explorar y descubrir el maravilloso paisaje a su propio ritmo. visite los caf\u00e9s a orillas del agua, o eche un vistazo a los simios de Berber\u00eda que viven en el frondoso valle del r\u00edo. Tambi\u00e9n puede almorzar (Tagine bereber) in situ frente a las cascadas (opcional).<\/p>\n<p style=\"text-align: justify;\">No deje de reservar su <strong>excursi\u00f3n de un d\u00eda a las cataratas de Ouzoud<\/strong> cuando est\u00e9 en Marrakech.<\/p>\n<table class=\"table table-bordered tours-tabs__table\">\n<tbody>\n<tr>\n<td><strong>LUGAR DE SALIDA\/REGRESO<\/strong><\/td>\n<td>De\/a su hotel\/Riad de Marrakech<\/td>\n<\/tr>\n<tr>\n<td><strong>HORA DE SALIDA<\/strong><\/td>\n<td>8 DE LA MA\u00d1ANA<\/td>\n<\/tr>\n<tr>\n<td><strong>TIEMPO DE RETORNO<\/strong><\/td>\n<td>18:00 (aprox.)<\/td>\n<\/tr>\n<tr>\n<td><strong>VISTE<\/strong><\/td>\n<td>Ropa gratis<\/td>\n<\/tr>\n<tr>\n<td><strong>INCLUIDO<\/strong><\/td>\n<td><div class=\"row 2\"><div class=\"col-md-6\"><i class=\"fa fa-check icon-tick icon-tick--on\"><\/i>Transporte de CA<\/div><div class=\"col-md-6\"><i class=\"fa fa-check icon-tick icon-tick--on\"><\/i>Tasas de los monumentos<\/div><\/div><\/td>\n<\/tr>\n<tr>\n<td><strong>NO INCLUIDO<\/strong><\/td>\n<td><div class=\"row 2\"><div class=\"col-md-6\"><i class=\"fa fa-times icon-tick icon-tick--off\"><\/i>Almuerzo<\/div><i class=\"fa fa-times icon-tick icon-tick--off\"><\/i>Gasto personal<br \/>\n<div class=\"col-md-6\"><i class=\"fa fa-times icon-tick icon-tick--off\"><\/i>Propinas<\/div><i class=\"fa fa-times icon-tick icon-tick--off\"><\/i>Servicios no especificados<br \/>\n<\/div><\/td>\n<\/tr>\n<\/tbody>\n<\/table>\n<p>&nbsp;<\/p>\n","protected":false},"excerpt":{"rendered":"<p>Excursi\u00f3n privada desde Marrakech para descubrir las cascadas de Ouzoud.<\/p>\n","protected":false},"featured_media":4466,"template":"","meta":[],"product_brand":[],"product_cat":[2600,2541],"product_tag":[2612,2544,2601,2542],"class_list":{"0":"post-6197","1":"product","2":"type-product","3":"status-publish","4":"has-post-thumbnail","6":"product_cat-excursiones","7":"product_cat-excursiones-de-un-dia-es","8":"product_tag-excursiones","9":"product_tag-luna-de-miel-tours","10":"product_tag-para-toda-la-familia","11":"product_tag-visita-cultural","12":"tour_category-atlas","13":"tour_category-excursiones-de-un-dia","15":"first","16":"outofstock","17":"shipping-taxable","18":"product-type-tour","19":"has-default-attributes"},"_links":{"self":[{"href":"https:\/\/puremoroccotours.com\/es\/wp-json\/wp\/v2\/product\/6197","targetHints":{"allow":["GET"]}}],"collection":[{"href":"https:\/\/puremoroccotours.com\/es\/wp-json\/wp\/v2\/product"}],"about":[{"href":"https:\/\/puremoroccotours.com\/es\/wp-json\/wp\/v2\/types\/product"}],"wp:featuredmedia":[{"embeddable":true,"href":"https:\/\/puremoroccotours.com\/es\/wp-json\/wp\/v2\/media\/4466"}],"wp:attachment":[{"href":"https:\/\/puremoroccotours.com\/es\/wp-json\/wp\/v2\/media?parent=6197"}],"wp:term":[{"taxonomy":"product_brand","embeddable":true,"href":"https:\/\/puremoroccotours.com\/es\/wp-json\/wp\/v2\/product_brand?post=6197"},{"taxonomy":"product_cat","embeddable":true,"href":"https:\/\/puremoroccotours.com\/es\/wp-json\/wp\/v2\/product_cat?post=6197"},{"taxonomy":"product_tag","embeddable":true,"href":"https:\/\/puremoroccotours.com\/es\/wp-json\/wp\/v2\/product_tag?post=6197"}],"curies":[{"name":"wp","href":"https:\/\/api.w.org\/{rel}","templated":true}]}}