{"id":6198,"date":"2016-02-19T16:05:00","date_gmt":"2016-02-19T16:05:00","guid":{"rendered":"https:\/\/puremoroccotours.com\/best-tours-in-morocco\/viaje-de-un-dia-meknes-volubilis-moulay-driss\/"},"modified":"2023-09-05T23:52:56","modified_gmt":"2023-09-05T23:52:56","slug":"viaje-de-un-dia-meknes-volubilis-moulay-driss","status":"publish","type":"product","link":"https:\/\/puremoroccotours.com\/es\/tours\/viaje-de-un-dia-meknes-volubilis-moulay-driss\/","title":{"rendered":"Excursi\u00f3n de un d\u00eda a Meknes Volubilis Moulay Driss desde la ciudad de Fez"},"content":{"rendered":"<p style=\"text-align: center;\"><a href=\"https:\/\/puremorocco.rezdy.com\/445625\/volubilis-moulay-idriss-and-meknes-day-trip-from-fez\" class=\"atbtn atbtn--default atbtn--large atbtn--rounded\">Reserve ahora<\/a><\/p>\n<h1>\u00a1\u00a1\u00a1Excursi\u00f3n de un d\u00eda a Meknes Volubilis Moulay Driss !!!<\/h1>\n<h2 style=\"text-align: justify;\">La <strong>excursi\u00f3n de un d\u00eda a Meknes Volubiliss Molay driss<\/strong> le llevar\u00e1 en un viaje hist\u00f3rico a trav\u00e9s del rico y variado pasado del Reino de Marruecos.<\/h2>\n<p style=\"text-align: justify;\">En  <strong>Excursi\u00f3n de un d\u00eda a Meknes Volubiliss Moulay Driss<\/strong>Le llevar\u00e1 a descubrir la ciudad santa de Moulay Idriss, una de las ciudades imperiales de Marruecos; Meknes, a disfrutar de los espectaculares mosaicos de las ruinas romanas de Volubilis, y a pararse frente a la puerta imperial m\u00e1s bella de Marruecos; Bab Mansour.<\/p>\n<p style=\"text-align: justify;\">Visite Volubilis, con sus impresionantes y bien conservadas ruinas romanas, as\u00ed como sus espectaculares mosaicos. Este lugar, declarado Patrimonio de la Humanidad por la UNESCO, es uno de los yacimientos romanos m\u00e1s importantes de todo el norte de \u00c1frica. Recorra la ciudad santa de Moulay Idriss, encaramada espectacularmente en la ladera del monte Zerhon, y sum\u00e9rjase en los impresionantes paisajes de Marruecos.<\/p>\n<p>Reserve su <strong>excursi\u00f3n de un d\u00eda a Meknes Volubilis Moulay Driss<\/strong> o solicite la ayuda de nuestros expertos locales en viajes rellenando el siguiente formulario de <strong><br \/>\n  <a href=\"http:\/\/puremoroccotours.com\/tour-review\" target=\"_blank\" rel=\"noopener noreferrer\">&#8220;Solicitar Presupuesto&#8221;<\/a><br \/>\n<\/strong>.<\/p>\n<p>&nbsp;<\/p>\n<table class=\"table table-bordered tours-tabs__table\">\n<tbody>\n<tr>\n<td><strong>LUGAR DE SALIDA\/REGRESO<\/strong><\/td>\n<td>De\/a su hotel en Fez<\/td>\n<\/tr>\n<tr>\n<td><strong>HORA DE SALIDA<\/strong><\/td>\n<td>9 DE LA MA\u00d1ANA<\/td>\n<\/tr>\n<tr>\n<td><strong>TIEMPO DE RETORNO<\/strong><\/td>\n<td>17:00 (aprox.)<\/td>\n<\/tr>\n<tr>\n<td><strong>VISTE<\/strong><\/td>\n<td>Ropa gratis<\/td>\n<\/tr>\n<tr>\n<td><strong>INCLUIDO<\/strong><\/td>\n<td><div class=\"row 2\"><div class=\"col-md-6\"><i class=\"fa fa-check icon-tick icon-tick--on\"><\/i>AC Transportation<\/div><i class=\"fa fa-check icon-tick icon-tick--on\"><\/i>Gu\u00eda tur\u00edstico\n<div class=\"col-md-6\"><i class=\"fa fa-check icon-tick icon-tick--on\"><\/i>Tasas de los monumentos<\/div><\/div><\/td>\n<\/tr>\n<tr>\n<td><strong>NO INCLUIDO<\/strong><\/td>\n<td><div class=\"row 2\"><div class=\"col-md-6\"><i class=\"fa fa-times icon-tick icon-tick--off\"><\/i>Almuerzo<\/div><i class=\"fa fa-times icon-tick icon-tick--off\"><\/i>Gasto personal<br \/>\n<div class=\"col-md-6\"><i class=\"fa fa-times icon-tick icon-tick--off\"><\/i>Propinas<\/div><i class=\"fa fa-times icon-tick icon-tick--off\"><\/i>Servicios no especificados<br \/>\n<\/div><\/td>\n<\/tr>\n<\/tbody>\n<\/table>\n","protected":false},"excerpt":{"rendered":"<p>\u00a1\u00a1\u00a1Excursi\u00f3n privada de un d\u00eda desde Fez para descubrir Volubilis, My Idriss y Meknes!!!<\/p>\n","protected":false},"featured_media":4518,"template":"","meta":[],"product_brand":[],"product_cat":[2541],"product_tag":[2542,2543],"class_list":{"0":"post-6198","1":"product","2":"type-product","3":"status-publish","4":"has-post-thumbnail","6":"product_cat-excursiones-de-un-dia-es","7":"product_tag-visita-cultural","8":"product_tag-visitas-historicas-y-patrimoniales","9":"tour_category-excursiones-de-un-dia","10":"tour_category-mekness-es","11":"tour_category-recorrido-historico-y-patrimonial","12":"tour_category-visita-privada","14":"first","15":"outofstock","16":"shipping-taxable","17":"product-type-tour"},"_links":{"self":[{"href":"https:\/\/puremoroccotours.com\/es\/wp-json\/wp\/v2\/product\/6198","targetHints":{"allow":["GET"]}}],"collection":[{"href":"https:\/\/puremoroccotours.com\/es\/wp-json\/wp\/v2\/product"}],"about":[{"href":"https:\/\/puremoroccotours.com\/es\/wp-json\/wp\/v2\/types\/product"}],"wp:featuredmedia":[{"embeddable":true,"href":"https:\/\/puremoroccotours.com\/es\/wp-json\/wp\/v2\/media\/4518"}],"wp:attachment":[{"href":"https:\/\/puremoroccotours.com\/es\/wp-json\/wp\/v2\/media?parent=6198"}],"wp:term":[{"taxonomy":"product_brand","embeddable":true,"href":"https:\/\/puremoroccotours.com\/es\/wp-json\/wp\/v2\/product_brand?post=6198"},{"taxonomy":"product_cat","embeddable":true,"href":"https:\/\/puremoroccotours.com\/es\/wp-json\/wp\/v2\/product_cat?post=6198"},{"taxonomy":"product_tag","embeddable":true,"href":"https:\/\/puremoroccotours.com\/es\/wp-json\/wp\/v2\/product_tag?post=6198"}],"curies":[{"name":"wp","href":"https:\/\/api.w.org\/{rel}","templated":true}]}}