{"id":6199,"date":"2016-02-16T12:28:54","date_gmt":"2016-02-16T12:28:54","guid":{"rendered":"https:\/\/puremoroccotours.com\/best-tours-in-morocco\/visita-de-la-ciudad-de-agadir\/"},"modified":"2023-09-25T01:21:02","modified_gmt":"2023-09-25T01:21:02","slug":"visita-de-la-ciudad-de-agadir","status":"publish","type":"product","link":"https:\/\/puremoroccotours.com\/es\/tours\/visita-de-la-ciudad-de-agadir\/","title":{"rendered":"Visita de medio d\u00eda a la ciudad de Agadir"},"content":{"rendered":"<p style=\"text-align: center;\"><a href=\"https:\/\/puremorocco.rezdy.com\/448487\/half-day-agadir-private-city-tour\" class=\"atbtn atbtn--secondary1 atbtn--large atbtn--rounded\">Reserve ahora<\/a><\/p>\n<h1>Visita de medio d\u00eda a la ciudad de Agadir<\/h1>\n<h2 style=\"text-align: justify;\">Agadir es una de las atracciones m\u00e1s populares de Marruecos. Pasee por su animado puerto, donde los pescadores locales acuden a vender sus capturas.  <strong>Agadir City Tour le permitir\u00e1 <\/strong>conocer mejor su historia visitando el Museo de Artes y Tradiciones Populares, donde tendr\u00e1 la oportunidad de ver antiguas joyas bereberes, cer\u00e1mica, alfombras, madera y otros objetos.<\/h2>\n<p style=\"text-align: justify;\">Su <strong>excursi\u00f3n<\/strong> de medio d\u00eda <strong>por la ciudad de Agadir<\/strong> comenzar\u00e1 en la <strong>Kasbah<\/strong>, situada en lo alto de una colina desde la que se domina la ciudad y su maravillosa bah\u00eda. Desde estos primeros vestigios de Agadir, podr\u00e1 disfrutar de unas vistas impresionantes de la ciudad y su bah\u00eda. Det\u00e9ngase en el puerto, donde los pescadores locales acuden a vender sus capturas.<\/p>\n<p style=\"text-align: justify;\">Otros lugares que podr\u00e1 visitar durante esta <strong>excursi\u00f3n<\/strong> de medio d\u00eda <strong>por la ciudad de Agadir<\/strong> son: El Museo de Artes y Tradiciones Populares, el barrio suizo, la principal zona comercial, la f\u00e1brica de alfombras y el barrio de los artesanos, donde asistir\u00e1 a demostraciones de fabricaci\u00f3n de encajes, bordados, marroquiner\u00eda y madera.<\/p>\n<p>&nbsp;<\/p>\n<table class=\"table table-bordered tours-tabs__table\" style=\"line-height: 1.5;\">\n<tbody>\n<tr>\n<td><strong>LUGAR DE SALIDA\/REGRESO<\/strong><\/td>\n<td>Desde\/hasta su hotel<\/td>\n<\/tr>\n<tr>\n<td><strong>HORA DE SALIDA<\/strong><\/td>\n<td>9 DE LA MA\u00d1ANA<\/td>\n<\/tr>\n<tr>\n<td><strong>TIEMPO DE RETORNO<\/strong><\/td>\n<td>13:00 (aprox.)<\/td>\n<\/tr>\n<tr>\n<td><strong>VISTE<\/strong><\/td>\n<td>Ropa gratis<\/td>\n<\/tr>\n<tr>\n<td><strong>INCLUIDO<\/strong><\/td>\n<td><div class=\"row 2\"><div class=\"col-md-6\"><i class=\"fa fa-check icon-tick icon-tick--on\"><\/i>Transporte con aire acondicionado<\/div><i class=\"fa fa-check icon-tick icon-tick--on\"><\/i>Gu\u00eda tur\u00edstico<br \/>\n<div class=\"col-md-6\"><i class=\"fa fa-check icon-tick icon-tick--on\"><\/i>Tasas de los monumentos<\/div><\/div><\/td>\n<\/tr>\n<tr>\n<td><strong>NO INCLUIDO<\/strong><\/td>\n<td><div class=\"row 2\"><div class=\"col-md-6\"><i class=\"fa fa-times icon-tick icon-tick--off\"><\/i>Almuerzo<\/div><i class=\"fa fa-times icon-tick icon-tick--off\"><\/i>Gasto personal<br \/>\n<div class=\"col-md-6\"><i class=\"fa fa-times icon-tick icon-tick--off\"><\/i>Propinas<\/div><i class=\"fa fa-times icon-tick icon-tick--off\"><\/i>Servicios no especificados<br \/>\n<\/div><\/td>\n<\/tr>\n<\/tbody>\n<\/table>\n","protected":false},"excerpt":{"rendered":"<p>Visita privada de medio d\u00eda a Agadir para descubrir esta bella ciudad costera.<\/p>\n","protected":false},"featured_media":4438,"template":"","meta":[],"product_brand":[],"product_cat":[2618],"product_tag":[2601,2542],"class_list":{"0":"post-6199","1":"product","2":"type-product","3":"status-publish","4":"has-post-thumbnail","6":"product_cat-visitas-guiadas-por-la-ciudad","7":"product_tag-para-toda-la-familia","8":"product_tag-visita-cultural","9":"tour_category-explorar-agadir","10":"tour_category-visitas-guiadas-por-la-ciudad","12":"first","13":"outofstock","14":"shipping-taxable","15":"product-type-tour","16":"has-default-attributes"},"_links":{"self":[{"href":"https:\/\/puremoroccotours.com\/es\/wp-json\/wp\/v2\/product\/6199","targetHints":{"allow":["GET"]}}],"collection":[{"href":"https:\/\/puremoroccotours.com\/es\/wp-json\/wp\/v2\/product"}],"about":[{"href":"https:\/\/puremoroccotours.com\/es\/wp-json\/wp\/v2\/types\/product"}],"wp:featuredmedia":[{"embeddable":true,"href":"https:\/\/puremoroccotours.com\/es\/wp-json\/wp\/v2\/media\/4438"}],"wp:attachment":[{"href":"https:\/\/puremoroccotours.com\/es\/wp-json\/wp\/v2\/media?parent=6199"}],"wp:term":[{"taxonomy":"product_brand","embeddable":true,"href":"https:\/\/puremoroccotours.com\/es\/wp-json\/wp\/v2\/product_brand?post=6199"},{"taxonomy":"product_cat","embeddable":true,"href":"https:\/\/puremoroccotours.com\/es\/wp-json\/wp\/v2\/product_cat?post=6199"},{"taxonomy":"product_tag","embeddable":true,"href":"https:\/\/puremoroccotours.com\/es\/wp-json\/wp\/v2\/product_tag?post=6199"}],"curies":[{"name":"wp","href":"https:\/\/api.w.org\/{rel}","templated":true}]}}