{"id":6200,"date":"2016-02-16T09:19:42","date_gmt":"2016-02-16T09:19:42","guid":{"rendered":"https:\/\/puremoroccotours.com\/best-tours-in-morocco\/fez-visita-de-un-dia\/"},"modified":"2023-09-23T22:46:22","modified_gmt":"2023-09-23T22:46:22","slug":"fez-visita-de-un-dia","status":"publish","type":"product","link":"https:\/\/puremoroccotours.com\/es\/tours\/fez-visita-de-un-dia\/","title":{"rendered":"Excursi\u00f3n de un d\u00eda a Fez"},"content":{"rendered":"<p style=\"text-align: center;\"><a href=\"https:\/\/puremorocco.rezdy.com\/446091\/fez-full-day-city-tour\" class=\"atbtn atbtn--default atbtn--large atbtn--rounded\">Reservar Ahora<\/a><\/p>\n<h1><strong>Excursi\u00f3n de un d\u00eda a Fez<\/strong><\/h1>\n<h2 style=\"text-align: justify;\">Fez es la ciudad m\u00e1s antigua de todas las ciudades imperiales, se fund\u00f3 en el siglo VIII y se considera actualmente como la capital espiritual y artesanal del Reino de Marruecos. Su medina es declarada Patrimonio Mundial de la UNESCO, y est\u00e1 repleta de palacios, museos, mezquitas que seguro que ser\u00e1n de su agrado. <\/h2>\n<p style=\"text-align: justify;\">Esta <strong>excursi\u00f3n de un d\u00eda completo por la ciudad de Fez<\/strong> le llevar\u00e1 al coraz\u00f3n de la \u00e9sta <strong>ciudad<\/strong> imperial, considerada como el reflejo m\u00e1s representativo del pasado ancestral del reino marroqu\u00ed y su antigua civilizaci\u00f3n. \u00c9sta \u00faltima fue y sigue siendo el n\u00facleo de la creatividad intelectual y espiritual, no tan s\u00f3lo de Marruecos sino tambi\u00e9n del mundo isl\u00e1mico. Por otro lado, Fez alberga la universidad m\u00e1s antigua del mundo, Al Quaraouiyyne, y su antigua medina fue clasificada Patrimonio Universal por la UNESCO en 1981.<\/p>\n<p style=\"text-align: justify;\">Tradicionalmente, la exploraci\u00f3n de la medina debe comenzar por la visita de la puerta de Bab Boujlloud. El primer monumento que hay que visitar es la inmensa medersa Bou Inania. Al continuar por la calle Talaa Kebira (gran subida), podr\u00e1 admirar la hermosura de la zaou\u00efa Tijani (santuario de una cofrad\u00eda religiosa) y el zoco de los fabricantes de instrumentos antes de llegar a la mzara (santuario) del antiguo soberano Moulay Idriss situada en el lugar donde \u00e9ste \u00faltimo tom\u00f3 la decisi\u00f3n de construir la ciudad.<\/p>\n<p style=\"text-align: justify;\">Tras echar un vistazo a los puestos de los vendedores de babuchas (zapatillas), llegar\u00e1 a la plaza En-Nejjarine y al zoco de los ebanistas. El magn\u00edfico &#8220;foundouk&#8221; (caravasar) tallado de la plaza en el que sit\u00faa el Museo de Artes y Oficios de Madera. La kissaria (mercado cubierto), donde se venden joyas y telas finas, se encuentra cerca del centro de la ciudad (permanece cerrado por la noche). Junto a ella, podr\u00e1 admirar la atracci\u00f3n m\u00e1s visitada y venerada de Fez: la zaou\u00efa de Moulay Idriss, fundador de la ciudad.<\/p>\n<p style=\"text-align: justify;\">Su circuito contin\u00faa por la plaza de Es-Seffarine o plaza de los caldereros, y despu\u00e9s por el barrio de los curtidores, situado justo antes del barrio andalus\u00ed, su mezquita y la medersa de Es-Sahrij.<\/p>\n<table class=\"table table-bordered tours-tabs__table\" style=\"line-height: 1.5;\">\n<tbody>\n<tr>\n<td><strong>HORARIO DE SALIDA<\/strong><\/td>\n<td>9H DE LA MA\u00d1ANA<\/td>\n<\/tr>\n<tr>\n<td><strong>HORARIO DE REGRESO<\/strong><\/td>\n<td>17H DE LA TARDE (aprox.)<\/td>\n<\/tr>\n<tr>\n<td><strong>VESTIMENTA<\/strong><\/td>\n<td>LIBRE<\/td>\n<\/tr>\n<tr>\n<td><strong>INCLUIDO<\/strong><\/td>\n<td><div class=\"row 2\"><div class=\"col-md-6\"><i class=\"fa fa-check icon-tick icon-tick--on\"><\/i>Transporte con aire acondicionado<\/div><i class=\"fa fa-check icon-tick icon-tick--on\"><\/i>Gu\u00eda tur\u00edstico<br \/>\n<div class=\"col-md-6\"><i class=\"fa fa-check icon-tick icon-tick--on\"><\/i>Entradas a museos o monumentos<\/div><\/div><\/td>\n<\/tr>\n<tr>\n<td><strong>NO INCLUIDO<\/strong><\/td>\n<td><div class=\"row 2\"><div class=\"col-md-6\"><i class=\"fa fa-times icon-tick icon-tick--off\"><\/i>Almuerzo<\/div><i class=\"fa fa-times icon-tick icon-tick--off\"><\/i>Gastos personales<br \/>\n<div class=\"col-md-6\"><i class=\"fa fa-times icon-tick icon-tick--off\"><\/i>Propinas<\/div><i class=\"fa fa-times icon-tick icon-tick--off\"><\/i>Otros servicios<br \/>\n<\/div><\/td>\n<\/tr>\n<\/tbody>\n<\/table>\n","protected":false},"excerpt":{"rendered":"<p>Excursi\u00f3n privada de un d\u00eda completo a Fez para descubrir la autenticidad de la ciudad cultural de Marruecos.<\/p>\n","protected":false},"featured_media":4267,"template":"","meta":[],"product_brand":[],"product_cat":[2618],"product_tag":[2542,2543],"class_list":{"0":"post-6200","1":"product","2":"type-product","3":"status-publish","4":"has-post-thumbnail","6":"product_cat-visitas-guiadas-por-la-ciudad","7":"product_tag-visita-cultural","8":"product_tag-visitas-historicas-y-patrimoniales","9":"tour_category-fez-es","10":"tour_category-visitas-guiadas-por-la-ciudad","12":"first","13":"instock","14":"shipping-taxable","15":"purchasable","16":"product-type-tour"},"_links":{"self":[{"href":"https:\/\/puremoroccotours.com\/es\/wp-json\/wp\/v2\/product\/6200","targetHints":{"allow":["GET"]}}],"collection":[{"href":"https:\/\/puremoroccotours.com\/es\/wp-json\/wp\/v2\/product"}],"about":[{"href":"https:\/\/puremoroccotours.com\/es\/wp-json\/wp\/v2\/types\/product"}],"wp:featuredmedia":[{"embeddable":true,"href":"https:\/\/puremoroccotours.com\/es\/wp-json\/wp\/v2\/media\/4267"}],"wp:attachment":[{"href":"https:\/\/puremoroccotours.com\/es\/wp-json\/wp\/v2\/media?parent=6200"}],"wp:term":[{"taxonomy":"product_brand","embeddable":true,"href":"https:\/\/puremoroccotours.com\/es\/wp-json\/wp\/v2\/product_brand?post=6200"},{"taxonomy":"product_cat","embeddable":true,"href":"https:\/\/puremoroccotours.com\/es\/wp-json\/wp\/v2\/product_cat?post=6200"},{"taxonomy":"product_tag","embeddable":true,"href":"https:\/\/puremoroccotours.com\/es\/wp-json\/wp\/v2\/product_tag?post=6200"}],"curies":[{"name":"wp","href":"https:\/\/api.w.org\/{rel}","templated":true}]}}